{"id":1748,"date":"2023-03-10T12:54:28","date_gmt":"2023-03-10T11:54:28","guid":{"rendered":"https:\/\/www.vacanzeallinclusive.com\/?page_id=1748"},"modified":"2023-03-31T10:37:51","modified_gmt":"2023-03-31T08:37:51","slug":"listino","status":"publish","type":"page","link":"https:\/\/www.vacanzeallinclusive.com\/de\/listino\/","title":{"rendered":"Liste"},"content":{"rendered":"<section class=\"wao-blocks-container container-fluid mb-0\"\n\t\t>\n    \n<div class=\"wao-blocks-row row\" >\n    \n\n<div class=\"col-12 col-md-12 p-0\"\n     \n\t \n\t>\n        \n<div class=\"border-20 g--b-c-light\">\n<div class=\"w-100 h-100 position-relative\">\n\n\n<div id=\"flc-carousel\" data-cellalign=\"center\" data-bglazyload=\"1\" data-freescroll=\"true\" data-wraparound=\"true\" data-autoplay=\"2000\" data-pauseautoplayonhover =\"true\" data-prevnextbuttons=\"false\" data-contain=\"true\" data-pagedots=\"false\" data-draggable=\"false\" data-groupcells=\"1\" data-fade=\"true\" class=\"js--flickity wao-blocks-slider flc-carousel-70162\"  >\n\n                            <div class=\"w-100\">\n                    \n    <div style='background: url(https:\/\/www.vacanzeallinclusive.com\/wp-content\/uploads\/2023\/03\/top-listino.jpg)center center ; background-blend-mode: multiply; background-size: cover; height: 70vh; background-position: 50% 50%;' class='wao-blocks-flc-banner max-h-300px'>\n        <div \n            class='carousel-caption mobile-tablet-centered text-center' \n                        style='max-width: 800px; bottom: 25%; background-color:  ; margin:  auto            '>\n                    <\/div>\n        <style>\n            @media screen and (max-width: 992px) {\n                .mobile-tablet-centered {\n                    margin: auto !important;\n                }\n            }\n        <\/style>\n    <\/div>\n    \n                <\/div>\n            \n<\/div>\n\n<div class=\"position-absolute mx auto text-center l--bottom z-index-10 g--gradient-top-home w-100 h-100 d-flex  justify-content-center flex-column\">\n<div class=\"mb-auto pt-5 d-none d-lg-block\">\n<picture><img decoding=\"async\" src=\"https:\/\/www.vacanzeallinclusive.com\/wp-content\/uploads\/2023\/03\/logo-corallo-home.png\" class=\"img-fluid mx-auto\" alt=\"Logo Hotel Corallo - Gatteo Mare\"\/><\/picture>\n<\/div>\n<div class=\"h1 text-white mb-0 text-uppercase g--text-shadow line-height-1 mt-auto\">Buchen und sparen<\/div>\n<div class=\"h2 mb-5  line-height-1 margin-top-neg-20\" >in Gatteo Mare<\/div>\n<\/div>\n<\/div>\n<\/div>\n\n    <\/div>\n<\/div>\n<\/section>\n\n<section class=\"wao-blocks-container container-fluid mb-5\"\n\t\t>\n    \n<div class=\"wao-blocks-row row\" >\n    \n\n<div class=\"col-12 col-md-12 p-0\"\n     \n\t \n\t>\n        \n<div class=\"mx-auto p-5\" style=\"max-width:1140px;\">\n\n\n<div class=\"breadcrumb-block\"\n    >\n    <div class=\"text-secondary mx-auto text-center small\">\n        <a href=\"https:\/\/www.vacanzeallinclusive.com\/de\" rel=\"nofollow\" title=\"Startseite\">Startseite &gt;<\/a>\n        Liste    <\/div>\n<\/div>\n\n\n<h1 class=\"wp-block-heading has-text-align-center text-uppercase mb-0\">Preisliste<\/h1>\n\n\n\n<h2 class=\"wp-block-heading has-text-align-center\">Die Vorteile von All Inclusive<\/h2>\n\n\n\n<p class=\"has-text-align-center\">Planen Sie Ihren Sommerurlaub? W\u00e4hlen Sie Ihren Zeitraum und fahren Sie mit unserer <strong>All-Inclusive-Angebot.<\/strong> <br>Wir erwarten Sie mit g\u00fcnstigen Preisen und Erm\u00e4\u00dfigungen f\u00fcr Familien. Machen Sie Ihren Urlaub unvergesslich: Kontaktieren Sie uns jetzt f\u00fcr ein individuelles Angebot.<\/p>\n\n\n<\/div>\n<div class=\"mx-auto p-4 w-100 g--bkg-light-02\" style=\"max-width:1280px;\">\n\n\n\n<style>\n\t.nav-link{\n\t\tborder-radius: 0px 15px 0px 0px !important;\t}\n\t.nav-tabs .nav-item.show .nav-link, .nav-tabs .nav-link.active{\n\t\tborder-radius: 0px 15px 0px 0px !important;\t}\n<\/style>\n\t<div class=\"wao-blocks-listino-v1\" data-cof=\"true\" data-cof-rule=\"\">\n\t\t<div class=\"d-none\" data-vertical-space=\"10\" style=\"z-index: 999;\">\n\t\t\t\t\t\t\t<ul class=\"nav nav-tabs d-flex justify-content-start\" id=\"myTab\" role=\"tablist\">\n\t\t\t\t\t\t\t\t\t\t\t<li class=\"nav-item\">\n\t\t\t\t\t\t\t\t<a class=\"nav-link active btn btn-primary\" id=\"Preisliste-tab\" data-toggle=\"tab\" href=\"#Preisliste\" role=\"tab\" aria-controls=\"Preisliste\" aria-selected=\"true\" title=\"Preisliste\">\n\t\t\t\t\t\t\t\t\tPreisliste\t\t\t\t\t\t\t\t<\/a>\n\t\t\t\t\t\t\t<\/li>\n\t\t\t\t\t\t\t <\/ul>\n\t\t\t\t\t<\/div> \n\t\t<div class=\"tab-content\">\n\t\t\t\t\t\t\t<div class=\"tab-pane fade active show\" id=\"Preisliste\" role=\"tabpanel\" aria-labelledby=\"Preisliste-tab\">\n\t\t\t\t\t\t\t\t\t\t\t\t\t\t\t\t\t\t\t\t\t\t\t<article class=\"row\">\n\t\t\t\t\t\t\t\t\t\t\t<div class=\"col-12 g--bkg-dark-01 text-center\">\n\n\t\t\t\t\t\t\t\t\t\t\t\t\t\t\t\t\t\t\t\t\t\t\t\t\t<h5 class=\"text-center pb-1 pt-2 text-white\">Alles Inklusive<\/h5>\n\t\t\t\t\t\t\t\t\t\t\t\t\t\t\t\t\t\t\t\t\t\t\t\t\t\t\t\t\t\t\t\t\t\t\t\t\t<span class=\"text-center py-1\"><\/span>\n\t\t\t\t\t\t\t\t\t\t\t\t\n\t\t\t\t\t\t\t\t\t\t\t<\/div>\n\t\t\t\t\t\t\t\t\t\t\t\t\t\t\t\t\t\t\t\t\t<\/article>\n\n\t\t\t\t\t\t\t\t\t\t<article class=\"row\">\n\t\t\t\t\t\t\t\t\t\t\t\t\t\t\t\t\t\t\t\t\t\t\t<div class=\"col-6 col-xl-2 col-lg-3 p-0\">\n\t\t\t\t\t\t\t\t\t\t\t\t\t\t\t\t\t\t\t\t\t\t\t\t\t\t\t<div class=\"text-center py-1\">\n\t\t\t\t\t\t\t\t\t\t\t\t\t\t\t<div class=\"\"><\/div>\n\t\t\t\t\t\t\t\t\t\t\t\t\t\t\t\n\t\t\t\t\t\t\t\t\t\t\t\t\t\t\t<div class=\"text-small p-2\">01\/05 - 31\/05<\/div>\n\n\t\t\t\t\t\t\t\t\t\t\t\t\t\t\t<div class=\"p-2 font-weight-bold h4 text-center border-bottom-1 g--b-c-01\">\n\t\t\t\t\t\t\t\t\t\t\t\t\t\t\t\tab 54 \u20ac \t\t\t\t\t\t\t\t\t\t\t\t\t\t\t\t\t\n\t\t\t\t\t\t\t\t\t\t\t\t\t\t\t<\/div>\n\t\t\t\t\t\t\t\t\t\t\t\t\t\t<\/div>\n\t\t\t\t\t\t\t\t\t\t\t\t\t\t\t\t\t\t\t\t\t\t\t\t\t\t\t\t\t\t\t\t\t\t\t\t\t\t\t<\/div>\n\t\t\t\t\t\t\t\t\t\t\t\t\t\t\t\t\t\t\t\t\t\t\t<div class=\"col-6 col-xl-2 col-lg-3 p-0\">\n\t\t\t\t\t\t\t\t\t\t\t\t\t\t\t\t\t\t\t\t\t\t\t\t\t\t\t<div class=\"text-center py-1\">\n\t\t\t\t\t\t\t\t\t\t\t\t\t\t\t<div class=\"\"><\/div>\n\t\t\t\t\t\t\t\t\t\t\t\t\t\t\t\n\t\t\t\t\t\t\t\t\t\t\t\t\t\t\t<div class=\"text-small p-2\">01\/06 - 08\/06<\/div>\n\n\t\t\t\t\t\t\t\t\t\t\t\t\t\t\t<div class=\"p-2 font-weight-bold h4 text-center border-bottom-1 g--b-c-01\">\n\t\t\t\t\t\t\t\t\t\t\t\t\t\t\t\tab 67 \u20ac \t\t\t\t\t\t\t\t\t\t\t\t\t\t\t\t\t\n\t\t\t\t\t\t\t\t\t\t\t\t\t\t\t<\/div>\n\t\t\t\t\t\t\t\t\t\t\t\t\t\t<\/div>\n\t\t\t\t\t\t\t\t\t\t\t\t\t\t\t\t\t\t\t\t\t\t\t\t\t\t\t\t\t\t\t\t\t\t\t\t\t\t\t<\/div>\n\t\t\t\t\t\t\t\t\t\t\t\t\t\t\t\t\t\t\t\t\t\t\t<div class=\"col-6 col-xl-2 col-lg-3 p-0\">\n\t\t\t\t\t\t\t\t\t\t\t\t\t\t\t\t\t\t\t\t\t\t\t\t\t\t\t<div class=\"text-center py-1\">\n\t\t\t\t\t\t\t\t\t\t\t\t\t\t\t<div class=\"\"><\/div>\n\t\t\t\t\t\t\t\t\t\t\t\t\t\t\t\n\t\t\t\t\t\t\t\t\t\t\t\t\t\t\t<div class=\"text-small p-2\">09\/06 - 29\/06<\/div>\n\n\t\t\t\t\t\t\t\t\t\t\t\t\t\t\t<div class=\"p-2 font-weight-bold h4 text-center border-bottom-1 g--b-c-01\">\n\t\t\t\t\t\t\t\t\t\t\t\t\t\t\t\tab 73 \u20ac \t\t\t\t\t\t\t\t\t\t\t\t\t\t\t\t\t\n\t\t\t\t\t\t\t\t\t\t\t\t\t\t\t<\/div>\n\t\t\t\t\t\t\t\t\t\t\t\t\t\t<\/div>\n\t\t\t\t\t\t\t\t\t\t\t\t\t\t\t\t\t\t\t\t\t\t\t\t\t\t\t\t\t\t\t\t\t\t\t\t\t\t\t<\/div>\n\t\t\t\t\t\t\t\t\t\t\t\t\t\t\t\t\t\t\t\t\t\t\t<div class=\"col-6 col-xl-2 col-lg-3 p-0\">\n\t\t\t\t\t\t\t\t\t\t\t\t\t\t\t\t\t\t\t\t\t\t\t\t\t\t\t<div class=\"text-center py-1\">\n\t\t\t\t\t\t\t\t\t\t\t\t\t\t\t<div class=\"\"><\/div>\n\t\t\t\t\t\t\t\t\t\t\t\t\t\t\t\n\t\t\t\t\t\t\t\t\t\t\t\t\t\t\t<div class=\"text-small p-2\">30\/06 - 13\/07<\/div>\n\n\t\t\t\t\t\t\t\t\t\t\t\t\t\t\t<div class=\"p-2 font-weight-bold h4 text-center border-bottom-1 g--b-c-01\">\n\t\t\t\t\t\t\t\t\t\t\t\t\t\t\t\tab 80 \u20ac \t\t\t\t\t\t\t\t\t\t\t\t\t\t\t\t\t\n\t\t\t\t\t\t\t\t\t\t\t\t\t\t\t<\/div>\n\t\t\t\t\t\t\t\t\t\t\t\t\t\t<\/div>\n\t\t\t\t\t\t\t\t\t\t\t\t\t\t\t\t\t\t\t\t\t\t\t\t\t\t\t\t\t\t\t\t\t\t\t\t\t\t\t<\/div>\n\t\t\t\t\t\t\t\t\t\t\t\t\t\t\t\t\t\t\t\t\t\t\t<div class=\"col-6 col-xl-2 col-lg-3 p-0\">\n\t\t\t\t\t\t\t\t\t\t\t\t\t\t\t\t\t\t\t\t\t\t\t\t\t\t\t<div class=\"text-center py-1\">\n\t\t\t\t\t\t\t\t\t\t\t\t\t\t\t<div class=\"\"><\/div>\n\t\t\t\t\t\t\t\t\t\t\t\t\t\t\t\n\t\t\t\t\t\t\t\t\t\t\t\t\t\t\t<div class=\"text-small p-2\">13\/07 - 27\/07<\/div>\n\n\t\t\t\t\t\t\t\t\t\t\t\t\t\t\t<div class=\"p-2 font-weight-bold h4 text-center border-bottom-1 g--b-c-01\">\n\t\t\t\t\t\t\t\t\t\t\t\t\t\t\t\tab 85 \u20ac \t\t\t\t\t\t\t\t\t\t\t\t\t\t\t\t\t\n\t\t\t\t\t\t\t\t\t\t\t\t\t\t\t<\/div>\n\t\t\t\t\t\t\t\t\t\t\t\t\t\t<\/div>\n\t\t\t\t\t\t\t\t\t\t\t\t\t\t\t\t\t\t\t\t\t\t\t\t\t\t\t\t\t\t\t\t\t\t\t\t\t\t\t<\/div>\n\t\t\t\t\t\t\t\t\t\t\t\t\t\t\t\t\t\t\t\t\t\t\t<div class=\"col-6 col-xl-2 col-lg-3 p-0\">\n\t\t\t\t\t\t\t\t\t\t\t\t\t\t\t\t\t\t\t\t\t\t\t\t\t\t\t<div class=\"text-center py-1\">\n\t\t\t\t\t\t\t\t\t\t\t\t\t\t\t<div class=\"\"><\/div>\n\t\t\t\t\t\t\t\t\t\t\t\t\t\t\t\n\t\t\t\t\t\t\t\t\t\t\t\t\t\t\t<div class=\"text-small p-2\">28\/07 - 03\/08<\/div>\n\n\t\t\t\t\t\t\t\t\t\t\t\t\t\t\t<div class=\"p-2 font-weight-bold h4 text-center border-bottom-1 g--b-c-01\">\n\t\t\t\t\t\t\t\t\t\t\t\t\t\t\t\tab 80 \u20ac \t\t\t\t\t\t\t\t\t\t\t\t\t\t\t\t\t\n\t\t\t\t\t\t\t\t\t\t\t\t\t\t\t<\/div>\n\t\t\t\t\t\t\t\t\t\t\t\t\t\t<\/div>\n\t\t\t\t\t\t\t\t\t\t\t\t\t\t\t\t\t\t\t\t\t\t\t\t\t\t\t\t\t\t\t\t\t\t\t\t\t\t\t<\/div>\n\t\t\t\t\t\t\t\t\t\t\t\t\t\t\t\t\t\t\t\t\t\t\t<div class=\"col-6 col-xl-2 col-lg-3 p-0\">\n\t\t\t\t\t\t\t\t\t\t\t\t\t\t\t\t\t\t\t\t\t\t\t\t\t\t\t<div class=\"text-center py-1\">\n\t\t\t\t\t\t\t\t\t\t\t\t\t\t\t<div class=\"\"><\/div>\n\t\t\t\t\t\t\t\t\t\t\t\t\t\t\t\n\t\t\t\t\t\t\t\t\t\t\t\t\t\t\t<div class=\"text-small p-2\">04\/08 - 10\/08<\/div>\n\n\t\t\t\t\t\t\t\t\t\t\t\t\t\t\t<div class=\"p-2 font-weight-bold h4 text-center border-bottom-1 g--b-c-01\">\n\t\t\t\t\t\t\t\t\t\t\t\t\t\t\t\tab 96 \u20ac \t\t\t\t\t\t\t\t\t\t\t\t\t\t\t\t\t\n\t\t\t\t\t\t\t\t\t\t\t\t\t\t\t<\/div>\n\t\t\t\t\t\t\t\t\t\t\t\t\t\t<\/div>\n\t\t\t\t\t\t\t\t\t\t\t\t\t\t\t\t\t\t\t\t\t\t\t\t\t\t\t\t\t\t\t\t\t\t\t\t\t\t\t<\/div>\n\t\t\t\t\t\t\t\t\t\t\t\t\t\t\t\t\t\t\t\t\t\t\t<div class=\"col-6 col-xl-2 col-lg-3 p-0\">\n\t\t\t\t\t\t\t\t\t\t\t\t\t\t\t\t\t\t\t\t\t\t\t\t\t\t\t<div class=\"text-center py-1\">\n\t\t\t\t\t\t\t\t\t\t\t\t\t\t\t<div class=\"\"><\/div>\n\t\t\t\t\t\t\t\t\t\t\t\t\t\t\t\n\t\t\t\t\t\t\t\t\t\t\t\t\t\t\t<div class=\"text-small p-2\">11\/08 - 17\/08<\/div>\n\n\t\t\t\t\t\t\t\t\t\t\t\t\t\t\t<div class=\"p-2 font-weight-bold h4 text-center border-bottom-1 g--b-c-01\">\n\t\t\t\t\t\t\t\t\t\t\t\t\t\t\t\tab 115 \u20ac \t\t\t\t\t\t\t\t\t\t\t\t\t\t\t\t\t\n\t\t\t\t\t\t\t\t\t\t\t\t\t\t\t<\/div>\n\t\t\t\t\t\t\t\t\t\t\t\t\t\t<\/div>\n\t\t\t\t\t\t\t\t\t\t\t\t\t\t\t\t\t\t\t\t\t\t\t\t\t\t\t\t\t\t\t\t\t\t\t\t\t\t\t<\/div>\n\t\t\t\t\t\t\t\t\t\t\t\t\t\t\t\t\t\t\t\t\t\t\t<div class=\"col-6 col-xl-2 col-lg-3 p-0\">\n\t\t\t\t\t\t\t\t\t\t\t\t\t\t\t\t\t\t\t\t\t\t\t\t\t\t\t<div class=\"text-center py-1\">\n\t\t\t\t\t\t\t\t\t\t\t\t\t\t\t<div class=\"\"><\/div>\n\t\t\t\t\t\t\t\t\t\t\t\t\t\t\t\n\t\t\t\t\t\t\t\t\t\t\t\t\t\t\t<div class=\"text-small p-2\">18\/08 - 24\/08<\/div>\n\n\t\t\t\t\t\t\t\t\t\t\t\t\t\t\t<div class=\"p-2 font-weight-bold h4 text-center border-bottom-1 g--b-c-01\">\n\t\t\t\t\t\t\t\t\t\t\t\t\t\t\t\tab 96 \u20ac \t\t\t\t\t\t\t\t\t\t\t\t\t\t\t\t\t\n\t\t\t\t\t\t\t\t\t\t\t\t\t\t\t<\/div>\n\t\t\t\t\t\t\t\t\t\t\t\t\t\t<\/div>\n\t\t\t\t\t\t\t\t\t\t\t\t\t\t\t\t\t\t\t\t\t\t\t\t\t\t\t\t\t\t\t\t\t\t\t\t\t\t\t<\/div>\n\t\t\t\t\t\t\t\t\t\t\t\t\t\t\t\t\t\t\t\t\t\t\t<div class=\"col-6 col-xl-2 col-lg-3 p-0\">\n\t\t\t\t\t\t\t\t\t\t\t\t\t\t\t\t\t\t\t\t\t\t\t\t\t\t\t<div class=\"text-center py-1\">\n\t\t\t\t\t\t\t\t\t\t\t\t\t\t\t<div class=\"\"><\/div>\n\t\t\t\t\t\t\t\t\t\t\t\t\t\t\t\n\t\t\t\t\t\t\t\t\t\t\t\t\t\t\t<div class=\"text-small p-2\">25\/08 - 31\/08<\/div>\n\n\t\t\t\t\t\t\t\t\t\t\t\t\t\t\t<div class=\"p-2 font-weight-bold h4 text-center border-bottom-1 g--b-c-01\">\n\t\t\t\t\t\t\t\t\t\t\t\t\t\t\t\tab 88 \u20ac \t\t\t\t\t\t\t\t\t\t\t\t\t\t\t\t\t\n\t\t\t\t\t\t\t\t\t\t\t\t\t\t\t<\/div>\n\t\t\t\t\t\t\t\t\t\t\t\t\t\t<\/div>\n\t\t\t\t\t\t\t\t\t\t\t\t\t\t\t\t\t\t\t\t\t\t\t\t\t\t\t\t\t\t\t\t\t\t\t\t\t\t\t<\/div>\n\t\t\t\t\t\t\t\t\t\t\t\t\t\t\t\t\t\t\t\t\t\t\t<div class=\"col-6 col-xl-2 col-lg-3 p-0\">\n\t\t\t\t\t\t\t\t\t\t\t\t\t\t\t\t\t\t\t\t\t\t\t\t\t\t\t<div class=\"text-center py-1\">\n\t\t\t\t\t\t\t\t\t\t\t\t\t\t\t<div class=\"\"><\/div>\n\t\t\t\t\t\t\t\t\t\t\t\t\t\t\t\n\t\t\t\t\t\t\t\t\t\t\t\t\t\t\t<div class=\"text-small p-2\">01\/09 - 14\/09<\/div>\n\n\t\t\t\t\t\t\t\t\t\t\t\t\t\t\t<div class=\"p-2 font-weight-bold h4 text-center border-bottom-1 g--b-c-01\">\n\t\t\t\t\t\t\t\t\t\t\t\t\t\t\t\tab 78 \u20ac \t\t\t\t\t\t\t\t\t\t\t\t\t\t\t\t\t\n\t\t\t\t\t\t\t\t\t\t\t\t\t\t\t<\/div>\n\t\t\t\t\t\t\t\t\t\t\t\t\t\t<\/div>\n\t\t\t\t\t\t\t\t\t\t\t\t\t\t\t\t\t\t\t\t\t\t\t\t\t\t\t\t\t\t\t\t\t\t\t\t\t\t\t<\/div>\n\t\t\t\t\t\t\t\t\t\t\t\t\t\t\t\t\t\t\t\t\t\t\t<div class=\"col-6 col-xl-2 col-lg-3 p-0\">\n\t\t\t\t\t\t\t\t\t\t\t\t\t\t\t\t\t\t\t\t\t\t\t\t\t\t\t<div class=\"text-center py-1\">\n\t\t\t\t\t\t\t\t\t\t\t\t\t\t\t<div class=\"\"><\/div>\n\t\t\t\t\t\t\t\t\t\t\t\t\t\t\t\n\t\t\t\t\t\t\t\t\t\t\t\t\t\t\t<div class=\"text-small p-2\">15\/09 - 22\/09<\/div>\n\n\t\t\t\t\t\t\t\t\t\t\t\t\t\t\t<div class=\"p-2 font-weight-bold h4 text-center border-bottom-1 g--b-c-01\">\n\t\t\t\t\t\t\t\t\t\t\t\t\t\t\t\tab 67 \u20ac \t\t\t\t\t\t\t\t\t\t\t\t\t\t\t\t\t\n\t\t\t\t\t\t\t\t\t\t\t\t\t\t\t<\/div>\n\t\t\t\t\t\t\t\t\t\t\t\t\t\t<\/div>\n\t\t\t\t\t\t\t\t\t\t\t\t\t\t\t\t\t\t\t\t\t\t\t\t\t\t\t\t\t\t\t\t\t\t\t\t\t\t\t<\/div>\n\t\t\t\t\t\t\t\t\t\t\t\t\t\t\t\t\t\t\t\t\t<\/article>\n\t\t\t\t\t\t\t\t\t\t\t\t\t<\/div> \t\t<\/div>\n\t<\/div>\n\n<div class=\"mt-4\">\n\n\n<h3 class=\"wp-block-heading mb-4\">Anmerkungen zur Preisliste<\/h3>\n\n\n\n<div class=\"wao-blocks-accordion\" id=\"accordion\" >\n        <div class=\"card border-bottom g--b-c-01 border-top-0 border-right-0 border-left-0 mb-3 g--bkg-light-03\">\n        <div class=\"card-header border-0\" id=\"heading_69d98b6b8dd1e0\">\n            <h5 class=\"mb-0 mt-0\">\n                <button class=\"btn btn-link font-weight-bold\" data-toggle=\"collapse\"\n                    data-target=\"#collapse_69d98b6b8dd1e0\" aria-expanded=\"false\"\n                    aria-controls=\"collapse_69d98b6b8dd1e0\" style=\"white-space: normal;\">\n                    Die All-Inclusive-Behandlung umfasst:                <\/button>\n            <\/h5>\n        <\/div>\n        <div id=\"collapse_69d98b6b8dd1e0\" class=\"collapse\" aria-labelledby=\"headingOne\" data-parent=\"#accordion\">\n            <div class=\"card-body\">\n                <strong>Vollpension<\/strong> mit einem reichhaltigen s\u00fc\u00dfen und herzhaften Fr\u00fchst\u00fcck, Men\u00fc nach Wahl, Vorspeisenbuffet, Obst und Dessert<br><strong>Getr\u00e4nke zu den Mahlzeiten<\/strong> vom Fass ohne Einschr\u00e4nkung<br><strong>offene Bar <\/strong>mit Erfrischungsgetr\u00e4nken im Glas von 11 bis 20 Uhr (Wasser, Cola, Orangenlimonade, Soda, Ace-Saft, Ananas, Blutorange und Eistee)<br><strong>Stranddienst<\/strong> mit 1 Sonnenschirm und 2 Liegest\u00fchlen pro Zimmer (mindestens 2 Erwachsene)<br><strong>kostenloser Parkplatz<\/strong> 500 Meter vom Hotel entfernt<br><strong>neuer Spielbereich <\/strong>intern und extern<br><strong>Animation <\/strong>in der Anlage und am Strand<br><strong>Fahrradverleih<\/strong> f\u00fcr Erwachsene mit und ohne Kindersitz<br><strong>Strandt\u00fccherverleih<\/strong> kostenlos auf Anfrage<br><strong>voll ausgestatteter Fitnessraum<\/strong>            <\/div>\n        <\/div>\n    <\/div>\n        <div class=\"card border-bottom g--b-c-01 border-top-0 border-right-0 border-left-0 mb-3 g--bkg-light-03\">\n        <div class=\"card-header border-0\" id=\"heading_69d98b6b8dd1e1\">\n            <h5 class=\"mb-0 mt-0\">\n                <button class=\"btn btn-link font-weight-bold\" data-toggle=\"collapse\"\n                    data-target=\"#collapse_69d98b6b8dd1e1\" aria-expanded=\"false\"\n                    aria-controls=\"collapse_69d98b6b8dd1e1\" style=\"white-space: normal;\">\n                    Kinderrabatte f\u00fcr Kinder im Zimmer mit 2 Erwachsenen:                <\/button>\n            <\/h5>\n        <\/div>\n        <div id=\"collapse_69d98b6b8dd1e1\" class=\"collapse\" aria-labelledby=\"headingOne\" data-parent=\"#accordion\">\n            <div class=\"card-body\">\n                0\u20132 Jahre: KOSTENLOS<br>2\u20135 Jahre: - 50%<br>5\u201310 Jahre: - 30%<br>\u00dcber 10 Jahre: - 20%            <\/div>\n        <\/div>\n    <\/div>\n        <div class=\"card border-bottom g--b-c-01 border-top-0 border-right-0 border-left-0 mb-3 g--bkg-light-03\">\n        <div class=\"card-header border-0\" id=\"heading_69d98b6b8dd1e2\">\n            <h5 class=\"mb-0 mt-0\">\n                <button class=\"btn btn-link font-weight-bold\" data-toggle=\"collapse\"\n                    data-target=\"#collapse_69d98b6b8dd1e2\" aria-expanded=\"false\"\n                    aria-controls=\"collapse_69d98b6b8dd1e2\" style=\"white-space: normal;\">\n                    Rabatte f\u00fcr Kinder im Zimmer mit nur einem Erwachsenen:                <\/button>\n            <\/h5>\n        <\/div>\n        <div id=\"collapse_69d98b6b8dd1e2\" class=\"collapse\" aria-labelledby=\"headingOne\" data-parent=\"#accordion\">\n            <div class=\"card-body\">\n                0\u20132 Jahre: \u2013 50%<br>2\u20135 Jahre: - 30%<br>5\u201310 Jahre: - 20%<br>\u00dcber 10 Jahre: - 10%            <\/div>\n        <\/div>\n    <\/div>\n        <div class=\"card border-bottom g--b-c-01 border-top-0 border-right-0 border-left-0 mb-3 g--bkg-light-03\">\n        <div class=\"card-header border-0\" id=\"heading_69d98b6b8dd1e3\">\n            <h5 class=\"mb-0 mt-0\">\n                <button class=\"btn btn-link font-weight-bold\" data-toggle=\"collapse\"\n                    data-target=\"#collapse_69d98b6b8dd1e3\" aria-expanded=\"false\"\n                    aria-controls=\"collapse_69d98b6b8dd1e3\" style=\"white-space: normal;\">\n                    Zuschl\u00e4ge und Erm\u00e4\u00dfigungen:                <\/button>\n            <\/h5>\n        <\/div>\n        <div id=\"collapse_69d98b6b8dd1e3\" class=\"collapse\" aria-labelledby=\"headingOne\" data-parent=\"#accordion\">\n            <div class=\"card-body\">\n                Einzelzimmer: + 10,00 \u20ac pro Tag.<br>Zuschlag f\u00fcr Doppelzimmer zur Einzelnutzung: 40%<br>Rabatt f\u00fcr das 3. Bett: - 20%<br>Rabatt f\u00fcr 4. Bett: - 20%<br>            <\/div>\n        <\/div>\n    <\/div>\n        <div class=\"card border-bottom g--b-c-01 border-top-0 border-right-0 border-left-0 mb-3 g--bkg-light-03\">\n        <div class=\"card-header border-0\" id=\"heading_69d98b6b8dd1e4\">\n            <h5 class=\"mb-0 mt-0\">\n                <button class=\"btn btn-link font-weight-bold\" data-toggle=\"collapse\"\n                    data-target=\"#collapse_69d98b6b8dd1e4\" aria-expanded=\"false\"\n                    aria-controls=\"collapse_69d98b6b8dd1e4\" style=\"white-space: normal;\">\n                    Bedingungen                <\/button>\n            <\/h5>\n        <\/div>\n        <div id=\"collapse_69d98b6b8dd1e4\" class=\"collapse\" aria-labelledby=\"headingOne\" data-parent=\"#accordion\">\n            <div class=\"card-body\">\n                Die Preise verstehen sich pro Tag und Person und gelten f\u00fcr einen Mindestaufenthalt von 4 Tagen. Die Preise enthalten keine Kurtaxe, die direkt im Hotel zu entrichten ist.<br>            <\/div>\n        <\/div>\n    <\/div>\n    <\/div>\n\n<\/div>\n<\/div>\n    <\/div>\n<\/div>\n<\/section>","protected":false},"excerpt":{"rendered":"","protected":false},"author":1,"featured_media":0,"parent":0,"menu_order":0,"comment_status":"closed","ping_status":"closed","template":"","meta":{"footnotes":""},"class_list":["post-1748","page","type-page","status-publish","hentry"],"_links":{"self":[{"href":"https:\/\/www.vacanzeallinclusive.com\/de\/wp-json\/wp\/v2\/pages\/1748","targetHints":{"allow":["GET"]}}],"collection":[{"href":"https:\/\/www.vacanzeallinclusive.com\/de\/wp-json\/wp\/v2\/pages"}],"about":[{"href":"https:\/\/www.vacanzeallinclusive.com\/de\/wp-json\/wp\/v2\/types\/page"}],"author":[{"embeddable":true,"href":"https:\/\/www.vacanzeallinclusive.com\/de\/wp-json\/wp\/v2\/users\/1"}],"replies":[{"embeddable":true,"href":"https:\/\/www.vacanzeallinclusive.com\/de\/wp-json\/wp\/v2\/comments?post=1748"}],"version-history":[{"count":20,"href":"https:\/\/www.vacanzeallinclusive.com\/de\/wp-json\/wp\/v2\/pages\/1748\/revisions"}],"predecessor-version":[{"id":2045,"href":"https:\/\/www.vacanzeallinclusive.com\/de\/wp-json\/wp\/v2\/pages\/1748\/revisions\/2045"}],"wp:attachment":[{"href":"https:\/\/www.vacanzeallinclusive.com\/de\/wp-json\/wp\/v2\/media?parent=1748"}],"curies":[{"name":"wp","href":"https:\/\/api.w.org\/{rel}","templated":true}]}}