{"id":1763,"date":"2023-03-10T14:02:13","date_gmt":"2023-03-10T13:02:13","guid":{"rendered":"https:\/\/www.vacanzeallinclusive.com\/?page_id=1763"},"modified":"2025-05-20T18:07:32","modified_gmt":"2025-05-20T16:07:32","slug":"domande-frequenti","status":"publish","type":"page","link":"https:\/\/www.vacanzeallinclusive.com\/de\/domande-frequenti\/","title":{"rendered":"H\u00e4ufig gestellte Fragen"},"content":{"rendered":"<section class=\"wao-blocks-container container-fluid mb-0\"\n\t\t>\n    \n<div class=\"wao-blocks-row row\" >\n    \n\n<div class=\"col-12 col-md-12 p-0\"\n     \n\t \n\t>\n        \n<div class=\"border-20 g--b-c-light\">\n<div class=\"w-100 h-100 position-relative\">\n\n\n<div id=\"flc-carousel\" data-cellalign=\"center\" data-bglazyload=\"1\" data-freescroll=\"true\" data-wraparound=\"true\" data-autoplay=\"2000\" data-pauseautoplayonhover =\"true\" data-prevnextbuttons=\"false\" data-contain=\"true\" data-pagedots=\"false\" data-draggable=\"false\" data-groupcells=\"1\" data-fade=\"true\" class=\"js--flickity wao-blocks-slider flc-carousel-49816\"  >\n\n                            <div class=\"w-100\">\n                    \n    <div style='background: url(https:\/\/www.vacanzeallinclusive.com\/wp-content\/uploads\/2023\/03\/top-servizi.jpeg)center center ; background-blend-mode: multiply; background-size: cover; height: 70vh; background-position: 50% 50%;' class='wao-blocks-flc-banner max-h-300px'>\n        <div \n            class='carousel-caption mobile-tablet-centered text-center' \n                        style='max-width: 800px; bottom: 25%; background-color:  ; margin:  auto            '>\n                    <\/div>\n        <style>\n            @media screen and (max-width: 992px) {\n                .mobile-tablet-centered {\n                    margin: auto !important;\n                }\n            }\n        <\/style>\n    <\/div>\n    \n                <\/div>\n            \n<\/div>\n\n<div class=\"position-absolute mx auto text-center l--bottom z-index-10 g--gradient-top-home w-100 h-100 d-flex  justify-content-center flex-column\">\n<div class=\"mb-auto pt-5 d-none d-lg-block\">\n<picture><img decoding=\"async\" src=\"https:\/\/www.vacanzeallinclusive.com\/wp-content\/uploads\/2023\/03\/logo-corallo-home.png\" class=\"img-fluid mx-auto\" alt=\"Logo Hotel Corallo - Gatteo Mare\"\/><\/picture>\n<\/div>\n<div class=\"h1 text-white mb-0 text-uppercase g--text-shadow line-height-1 mt-auto\">Zweifel oder Fragen?<\/div>\n<div class=\"h2 mb-5  line-height-1 margin-top-neg-20\" >Hier findest du die Antworten<\/div>\n<\/div>\n<\/div>\n<\/div>\n\n    <\/div>\n<\/div>\n<\/section>\n\n<section class=\"wao-blocks-container container-fluid mb-5\"\n\t\t>\n    \n<div class=\"wao-blocks-row row\" >\n    \n\n<div class=\"col-12 col-md-12 p-0\"\n     \n\t \n\t>\n        \n<div class=\"mx-auto p-5\" style=\"max-width:1140px;\">\n\n\n<div class=\"breadcrumb-block\"\n    >\n    <div class=\"text-secondary mx-auto text-center small\">\n        <a href=\"https:\/\/www.vacanzeallinclusive.com\/de\" rel=\"nofollow\" title=\"Startseite\">Startseite &gt;<\/a>\n        H\u00e4ufig gestellte Fragen    <\/div>\n<\/div>\n\n\n<h1 class=\"wp-block-heading has-text-align-center text-uppercase mb-0\">H\u00e4ufig gestellte Fragen<\/h1>\n\n\n\n<h2 class=\"wp-block-heading has-text-align-center\">Alle Antworten, die Sie suchen<\/h2>\n\n\n\n<p class=\"has-text-align-center\">Um Ihren Urlaub im Hotel Corallo bestm\u00f6glich zu planen, haben wir eine kleine Liste mit Antworten auf die h\u00e4ufigsten Fragen zusammengestellt. <strong>H\u00e4ufig gestellte Fragen.&nbsp;<\/strong><br>Sollten wir etwas vergessen haben, z\u00f6gern Sie nicht, uns zu kontaktieren!<\/p>\n\n\n\n<div class=\"mx-auto py-4 w-100\" style=\"max-width:1280px;\">\n\n\n<div class=\"wao-blocks-accordion\" id=\"accordion\" >\n        <div class=\"card border-bottom g--b-c-01 border-top-0 border-right-0 border-left-0 mb-3 g--bkg-light-02\">\n        <div class=\"card-header border-0\" id=\"heading_69d98c08b9dc20\">\n            <h5 class=\"mb-0 mt-0\">\n                <button class=\"btn btn-link font-weight-bold text-left\" data-toggle=\"collapse\"\n                    data-target=\"#collapse_69d98c08b9dc20\" aria-expanded=\"false\"\n                    aria-controls=\"collapse_69d98c08b9dc20\" style=\"white-space: normal;\">\n                    Wie ist Ihr Hotel aufgebaut?                <\/button>\n            <\/h5>\n        <\/div>\n        <div id=\"collapse_69d98c08b9dc20\" class=\"collapse\" aria-labelledby=\"headingOne\" data-parent=\"#accordion\">\n            <div class=\"card-body text-left\">\n                Wir sind <strong>eine Gruppe von drei Geb\u00e4uden, die alle auf denselben Innenhof blicken<\/strong>, im Resort-Stil. Alle Einrichtungen verf\u00fcgen \u00fcber dieselben Serviceleistungen und sind einander \u00e4hnlich, sodass sich alle G\u00e4ste gleicherma\u00dfen verw\u00f6hnt f\u00fchlen k\u00f6nnen.<br>Aber keine Sorge, Sie werden sich nie verirren: Am Anfang steht immer das Hotel Corallo.<br>            <\/div>\n        <\/div>\n    <\/div>\n        <div class=\"card border-bottom g--b-c-01 border-top-0 border-right-0 border-left-0 mb-3 g--bkg-light-02\">\n        <div class=\"card-header border-0\" id=\"heading_69d98c08b9dc21\">\n            <h5 class=\"mb-0 mt-0\">\n                <button class=\"btn btn-link font-weight-bold text-left\" data-toggle=\"collapse\"\n                    data-target=\"#collapse_69d98c08b9dc21\" aria-expanded=\"false\"\n                    aria-controls=\"collapse_69d98c08b9dc21\" style=\"white-space: normal;\">\n                    Gibt es Unterschiede zwischen den Zimmern der verschiedenen Unterk\u00fcnfte?                <\/button>\n            <\/h5>\n        <\/div>\n        <div id=\"collapse_69d98c08b9dc21\" class=\"collapse\" aria-labelledby=\"headingOne\" data-parent=\"#accordion\">\n            <div class=\"card-body text-left\">\n                Nein, alle Zimmer der drei Anlagen sind \u00e4hnlich und verf\u00fcgen \u00fcber die gleiche Ausstattung: Balkon, eigenes Bad mit Duschkabine, Haartrockner, individuell regulierbare Klimaanlage, Fernseher, Telefon und Safe.\u00a0<br><strong>Auf Anfrage und gegen Aufpreis<\/strong> Ein Minik\u00fchlschrank ist ebenfalls vorhanden.<br><strong>Die Zimmervergabe<\/strong> unter den verschiedenen Einrichtungen <strong>wird direkt von uns durchgef\u00fchrt,<\/strong> Je nach den W\u00fcnschen und Bed\u00fcrfnissen der G\u00e4ste: Auf diese Weise garantieren wir allen einen komfortablen und ruhigen Aufenthalt.<br>            <\/div>\n        <\/div>\n    <\/div>\n        <div class=\"card border-bottom g--b-c-01 border-top-0 border-right-0 border-left-0 mb-3 g--bkg-light-02\">\n        <div class=\"card-header border-0\" id=\"heading_69d98c08b9dc22\">\n            <h5 class=\"mb-0 mt-0\">\n                <button class=\"btn btn-link font-weight-bold text-left\" data-toggle=\"collapse\"\n                    data-target=\"#collapse_69d98c08b9dc22\" aria-expanded=\"false\"\n                    aria-controls=\"collapse_69d98c08b9dc22\" style=\"white-space: normal;\">\n                    Wie viele Restaurants gibt es?                <\/button>\n            <\/h5>\n        <\/div>\n        <div id=\"collapse_69d98c08b9dc22\" class=\"collapse\" aria-labelledby=\"headingOne\" data-parent=\"#accordion\">\n            <div class=\"card-body text-left\">\n                Wir haben <strong>zwei Speises\u00e4le<\/strong>. Wie bei den Zimmern erfolgt auch die Zuweisung des Restaurants durch uns und wird Ihnen bei Ihrer Ankunft mitgeteilt.<br>            <\/div>\n        <\/div>\n    <\/div>\n        <div class=\"card border-bottom g--b-c-01 border-top-0 border-right-0 border-left-0 mb-3 g--bkg-light-02\">\n        <div class=\"card-header border-0\" id=\"heading_69d98c08b9dc23\">\n            <h5 class=\"mb-0 mt-0\">\n                <button class=\"btn btn-link font-weight-bold text-left\" data-toggle=\"collapse\"\n                    data-target=\"#collapse_69d98c08b9dc23\" aria-expanded=\"false\"\n                    aria-controls=\"collapse_69d98c08b9dc23\" style=\"white-space: normal;\">\n                    Was beinhaltet das All-Inclusive-Paket?                <\/button>\n            <\/h5>\n        <\/div>\n        <div id=\"collapse_69d98c08b9dc23\" class=\"collapse\" aria-labelledby=\"headingOne\" data-parent=\"#accordion\">\n            <div class=\"card-body text-left\">\n                Mit unserem Angebot ist wirklich alles im Preis inbegriffen: <strong>reichhaltige Vollpension <\/strong>mit unbegrenzten Getr\u00e4nken zu den Mahlzeiten vom Fass,<strong> Offene Bar<\/strong> mit Softdrinks im Glas von 11 bis 20 Uhr, <strong>Stranddienst<\/strong> mit Sonnenschirm und Liege, <strong>Parkplatz<\/strong> 500 m vom Hotel entfernt, neu <strong>Spielplatz<\/strong> intern und extern, <strong>Animation<\/strong> in der Anlage und am Strand, <strong>Fahrradverleih <\/strong>pro Erwachsener mit und ohne Kindersitz, <strong>Strandt\u00fccherverleih <\/strong>auf Anfrage und <strong>Fitnessstudio<\/strong> ausgestattet.<br>            <\/div>\n        <\/div>\n    <\/div>\n        <div class=\"card border-bottom g--b-c-01 border-top-0 border-right-0 border-left-0 mb-3 g--bkg-light-02\">\n        <div class=\"card-header border-0\" id=\"heading_69d98c08b9dc24\">\n            <h5 class=\"mb-0 mt-0\">\n                <button class=\"btn btn-link font-weight-bold text-left\" data-toggle=\"collapse\"\n                    data-target=\"#collapse_69d98c08b9dc24\" aria-expanded=\"false\"\n                    aria-controls=\"collapse_69d98c08b9dc24\" style=\"white-space: normal;\">\n                    Bieten Sie neben der All-Inclusive-Formel noch weitere Behandlungen an?                <\/button>\n            <\/h5>\n        <\/div>\n        <div id=\"collapse_69d98c08b9dc24\" class=\"collapse\" aria-labelledby=\"headingOne\" data-parent=\"#accordion\">\n            <div class=\"card-body text-left\">\n                Ja, <strong>auf Anfrage<\/strong> Es ist auch m\u00f6glich, Halbpension mit Strand und B&amp;B zu buchen.<br>            <\/div>\n        <\/div>\n    <\/div>\n        <div class=\"card border-bottom g--b-c-01 border-top-0 border-right-0 border-left-0 mb-3 g--bkg-light-02\">\n        <div class=\"card-header border-0\" id=\"heading_69d98c08b9dc25\">\n            <h5 class=\"mb-0 mt-0\">\n                <button class=\"btn btn-link font-weight-bold text-left\" data-toggle=\"collapse\"\n                    data-target=\"#collapse_69d98c08b9dc25\" aria-expanded=\"false\"\n                    aria-controls=\"collapse_69d98c08b9dc25\" style=\"white-space: normal;\">\n                    Haben Sie Vereinbarungen mit bestimmten Str\u00e4nden?                <\/button>\n            <\/h5>\n        <\/div>\n        <div id=\"collapse_69d98c08b9dc25\" class=\"collapse\" aria-labelledby=\"headingOne\" data-parent=\"#accordion\">\n            <div class=\"card-body text-left\">\n                Ja, wir haben Vereinbarungen mit <strong>drei Strandb\u00e4der<\/strong> die nur wenige Schritte von unserem Hotel entfernt sind. In den Strandb\u00e4dern findest du neben Sonnenschirmen und Liegen auch einen Boccia-Platz und einen Kinderspielplatz.<br>            <\/div>\n        <\/div>\n    <\/div>\n        <div class=\"card border-bottom g--b-c-01 border-top-0 border-right-0 border-left-0 mb-3 g--bkg-light-02\">\n        <div class=\"card-header border-0\" id=\"heading_69d98c08b9dc26\">\n            <h5 class=\"mb-0 mt-0\">\n                <button class=\"btn btn-link font-weight-bold text-left\" data-toggle=\"collapse\"\n                    data-target=\"#collapse_69d98c08b9dc26\" aria-expanded=\"false\"\n                    aria-controls=\"collapse_69d98c08b9dc26\" style=\"white-space: normal;\">\n                    \u00d6ffnungszeiten, Bedingungen und Zusatzleistungen                <\/button>\n            <\/h5>\n        <\/div>\n        <div id=\"collapse_69d98c08b9dc26\" class=\"collapse\" aria-labelledby=\"headingOne\" data-parent=\"#accordion\">\n            <div class=\"card-body text-left\">\n                Der<strong> Check-in<\/strong> kann durchgef\u00fchrt werden <strong>ab 12.00 Uhr<\/strong>, w\u00e4hrend der <strong>auschecken<\/strong> muss durchgef\u00fchrt werden <strong>bis 9.30 Uhr<\/strong>.<br>Der Aufenthalt<strong> Es beginnt mit dem Mittagessen und endet mit dem Fr\u00fchst\u00fcck.<\/strong> Nicht in Anspruch genommene Mahlzeiten werden weder nachgeholt noch abgezogen.<br>Die<strong> Fr\u00fchst\u00fcck<\/strong> wird von 7:30 bis 9:30 Uhr serviert, das <strong>Mittagessen<\/strong> ab 12:30 Uhr und <strong>Abendessen<\/strong> ab 19:30 Uhr.\u00a0<br>Wir akzeptieren nur Tiere von <strong>kleine Gr\u00f6\u00dfe<\/strong>, mit einem Aufpreis von <strong>20 Euro pro Tag.<\/strong> Haustiere sind an unseren Partnerstr\u00e4nden, im Hotelrestaurant und in den Gemeinschaftsbereichen nicht gestattet.<br>            <\/div>\n        <\/div>\n    <\/div>\n    <\/div>\n\n<\/div><\/div>\n    <\/div>\n<\/div>\n<\/section>","protected":false},"excerpt":{"rendered":"","protected":false},"author":1,"featured_media":0,"parent":0,"menu_order":0,"comment_status":"closed","ping_status":"closed","template":"","meta":{"footnotes":""},"class_list":["post-1763","page","type-page","status-publish","hentry"],"_links":{"self":[{"href":"https:\/\/www.vacanzeallinclusive.com\/de\/wp-json\/wp\/v2\/pages\/1763","targetHints":{"allow":["GET"]}}],"collection":[{"href":"https:\/\/www.vacanzeallinclusive.com\/de\/wp-json\/wp\/v2\/pages"}],"about":[{"href":"https:\/\/www.vacanzeallinclusive.com\/de\/wp-json\/wp\/v2\/types\/page"}],"author":[{"embeddable":true,"href":"https:\/\/www.vacanzeallinclusive.com\/de\/wp-json\/wp\/v2\/users\/1"}],"replies":[{"embeddable":true,"href":"https:\/\/www.vacanzeallinclusive.com\/de\/wp-json\/wp\/v2\/comments?post=1763"}],"version-history":[{"count":13,"href":"https:\/\/www.vacanzeallinclusive.com\/de\/wp-json\/wp\/v2\/pages\/1763\/revisions"}],"predecessor-version":[{"id":2334,"href":"https:\/\/www.vacanzeallinclusive.com\/de\/wp-json\/wp\/v2\/pages\/1763\/revisions\/2334"}],"wp:attachment":[{"href":"https:\/\/www.vacanzeallinclusive.com\/de\/wp-json\/wp\/v2\/media?parent=1763"}],"curies":[{"name":"wp","href":"https:\/\/api.w.org\/{rel}","templated":true}]}}