{"id":13,"date":"2022-07-07T13:05:39","date_gmt":"2022-07-07T11:05:39","guid":{"rendered":"https:\/\/www.vacanzeallinclusive.com\/?page_id=13"},"modified":"2023-03-21T12:20:02","modified_gmt":"2023-03-21T11:20:02","slug":"offerte","status":"publish","type":"page","link":"https:\/\/www.vacanzeallinclusive.com\/fr\/offerte\/","title":{"rendered":"Offres"},"content":{"rendered":"<section class=\"wao-blocks-container container-fluid mb-0\"\n\t\t>\n    \n<div class=\"wao-blocks-row row\" >\n    \n\n<div class=\"col-12 col-md-12 p-0\"\n     \n\t \n\t>\n        \n<div class=\"border-20 g--b-c-light\">\n<div class=\"w-100 h-100 position-relative\">\n\n\n<div id=\"flc-carousel\" data-cellalign=\"center\" data-bglazyload=\"1\" data-freescroll=\"true\" data-wraparound=\"true\" data-autoplay=\"2000\" data-pauseautoplayonhover =\"true\" data-prevnextbuttons=\"false\" data-contain=\"true\" data-pagedots=\"false\" data-draggable=\"false\" data-groupcells=\"1\" data-fade=\"true\" class=\"js--flickity wao-blocks-slider flc-carousel-1773\"  >\n\n                            <div class=\"w-100\">\n                    \n    <div style='background: url(https:\/\/www.vacanzeallinclusive.com\/wp-content\/uploads\/2023\/03\/top-offerte-corallo.jpeg)center center ; background-blend-mode: multiply; background-size: cover; height: 70vh; background-position: 50% 50%;' class='wao-blocks-flc-banner max-h-300px'>\n        <div \n            class='carousel-caption mobile-tablet-centered text-center' \n                        style='max-width: 800px; bottom: 25%; background-color:  ; margin:  auto            '>\n                    <\/div>\n        <style>\n            @media screen and (max-width: 992px) {\n                .mobile-tablet-centered {\n                    margin: auto !important;\n                }\n            }\n        <\/style>\n    <\/div>\n    \n                <\/div>\n            \n<\/div>\n\n<div class=\"position-absolute mx auto text-center l--bottom z-index-10 g--gradient-top-home w-100 h-100 d-flex  justify-content-center flex-column\">\n<div class=\"mb-auto pt-5 d-none d-lg-block\">\n<picture><img decoding=\"async\" src=\"https:\/\/www.vacanzeallinclusive.com\/wp-content\/uploads\/2023\/03\/logo-corallo-home.png\" class=\"img-fluid mx-auto\" alt=\"Logo Hotel Corallo - Gatteo Mare\"\/><\/picture>\n<\/div>\n<div class=\"h1 text-white mb-0 text-uppercase g--text-shadow line-height-1 mt-auto\">Vacances \u00e0 prix r\u00e9duit<\/div>\n<div class=\"h2 mb-5  line-height-1 margin-top-neg-20\" >\u00e0 Gatteo Mare<\/div>\n<\/div>\n<\/div>\n<\/div>\n\n    <\/div>\n<\/div>\n<\/section>\n\n<section class=\"wao-blocks-container container-fluid mb-5\"\n\t\t>\n    \n<div class=\"wao-blocks-row row\" >\n    \n\n<div class=\"col-12 col-md-12 p-0\"\n     \n\t \n\t>\n        \n<div class=\"mx-auto p-5\" style=\"max-width:1140px;\">\n\n\n<div class=\"breadcrumb-block\"\n    >\n    <div class=\"text-secondary mx-auto text-center small\">\n        <a href=\"https:\/\/www.vacanzeallinclusive.com\/fr\" rel=\"nofollow\" title=\"Accueil\">Accueil &gt;<\/a>\n        Offres    <\/div>\n<\/div>\n\n\n<h1 class=\"has-text-align-center text-uppercase mb-0 wp-block-heading\">Offres<\/h1>\n\n\n\n<h2 class=\"has-text-align-center wp-block-heading\">R\u00e9ductions et promotions pour vos vacances<\/h2>\n\n\n\n<p class=\"has-text-align-center\">Voulez-vous d\u00e9penser <strong>vacances tout compris<\/strong> et 100% relaxation \u00e0 proximit\u00e9 de la plage de Gatteo Mare ? <br>Profitez de notre <strong>Offres sp\u00e9ciales All Inclusive<\/strong> et demander un devis personnalis\u00e9 sans engagement.<\/p>\n\n\n<\/div>\n<div class=\"mx-auto p-5 w-100 g--bkg-light-01 mt-5\" >\n\n\n\t\n\t\t<div class=\"wao-blocks-offerte-slider-v1\">\n\n\t\t\t\t\t<!-- controllo Slide  -->\n\t\t\t\t\t<div class=\"row js--filter-grid\">\n\t\t\t\t\t\t<!-- ciclo di ogni offerta -->\n\t\t\t\t\t\t\t\n\t\t\t\t\t\t\t\t<div class=\"col-md-6 col-lg-4  box_shadow\">\n\t\t\t\n\t\t\t\t\t\t\t\n<div class=\"g--bkg-light-04 m-2\">\n\t<div class=\"text-left\" style=\"padding: 52px 52px 0 52px;\">\n\t<div style=\"min-height:95px;\">\t<!-- titolo + sottotitolo -->\n\t\t<a href=\"https:\/\/www.vacanzeallinclusive.com\/fr\/offerte\/offerta-maggio-mare-48394839.php\" class=\"text-primary h4\">Offre Mai 2026 Gatteo Mare<\/a>\n\n\t\t<!-- fine titolo + sottotitolo -->\n\t\t<div class=\"text-small\">du 17.05.2026 au 24.05.2026<\/div>\n<\/div>\n\t\t<!-- contenitore prezzo -->\n\t\t<div class=\"py-3\">\n\t\t\t<div>de <span class=\"text-secondary h3\">600\u20ac<\/span> par chambre pour 7 jours<\/div>\n\t\t<\/div>\n\t\t<!-- fine contenitore prezzo -->\n\t\t  <!-- contenitore immagine -->\n\t\t  <div class=\"barret-148116\" style=\"background-size: cover; height: 238px; overflow:hidden;\">\n\t\t\t<!-- inizio timer -->\n\t\t\t<div class=\"hidden-xl-down g--bkg-light-04 position-absolute l--top l--right p-2 text-primary timer l--b-a-1 border g--b-c-03\" style=\"z-index:800!important;\" id=\"timer_148116\">\n\t\t\t\t<div class=\"text-center text-warning font-weight-bold text-uppercase\">L'offre expire en<\/div>\n\t\t\t\t<div class=\"\" style=\"display:flex\">\n\t\t\t\t\t<div class=\"p-2 g--bkg-light-02 m-1\">\n\t\t\t\t\t\t<span class=\"days\"><\/span> <span class=\"text-small\">gg<\/span>\n\t\t\t\t\t<\/div>\n\t\t\t\t\t<div class=\"p-2 g--bkg-light-02 m-1\">\n\t\t\t\t\t\t<span class=\"hours\"><\/span> <span class=\"text-small\">hh<\/span>\n\t\t\t\t\t<\/div>\n\t\t\t\t\t<div class=\"p-2 g--bkg-light-02 m-1\">\n\t\t\t\t\t\t<span class=\"minutes\"><\/span> <span class=\"text-small\">mm<\/span>\n\t\t\t\t\t<\/div>\n\t\t\t\t\t<div class=\"p-2 g--bkg-light-02 m-1\">\n\t\t\t\t\t\t<span class=\"seconds\"><\/span> <span class=\"text-small\">ss<\/span>\n\t\t\t\t\t<\/div>\n\t\t\t\t<\/div>\n\t\t\t<\/div>\n\t\t\t<script type=\"text\/javascript\">setTimeout(function(){ CountDownOfferte('24\/05\/2026', 'timer_148116'); }, 5000); BkgImgOfferta('https:\/\/static.adriasonline.it\/barret\/make\/offerte\/3075\/dettaglio\/img_148109.jpg?w=450&h=300&q=80&fit=cover', '148116', 'cover');<\/script>\n\t\t\t<!-- fine timer -->\n\t\t<\/div>\n\t\t<!-- fine contenitore immagine -->\n\t\t<div class=\"d-flex justify-content-end align-items-center\">\n\t\t\t<a class=\"btn btn-primary px-4 py-2 rounded-0 text-uppercase\" href=\"https:\/\/www.vacanzeallinclusive.com\/fr\/offerte\/offerta-maggio-mare-48394839.php\" title=\"Offre Mai 2026 Gatteo Mare\" tabindex=\"-1\">D\u00e9couvrir <i class=\"fas fa-arrow-right ml-3\"><\/i><\/a>\n\t\t<\/div>\n\t<\/div>\n\t\n<\/div>\n\t\t\t\t\t\t\t\t<\/div> \n\t\t\t\t\t\t\t\t\t\t\n\t\t\t\t\t\t\t\t<div class=\"col-md-6 col-lg-4  box_shadow\">\n\t\t\t\n\t\t\t\t\t\t\t\n<div class=\"g--bkg-light-04 m-2\">\n\t<div class=\"text-left\" style=\"padding: 52px 52px 0 52px;\">\n\t<div style=\"min-height:95px;\">\t<!-- titolo + sottotitolo -->\n\t\t<a href=\"https:\/\/www.vacanzeallinclusive.com\/fr\/offerte\/promo-speciale-fine-giugno-141595.php\" class=\"text-primary h4\">Offre Juin 2026 Gatteo Mare<\/a>\n\n\t\t<!-- fine titolo + sottotitolo -->\n\t\t<div class=\"text-small\">du 07.06.2026 au 14.06.2026<\/div>\n<\/div>\n\t\t<!-- contenitore prezzo -->\n\t\t<div class=\"py-3\">\n\t\t\t<div>de <span class=\"text-secondary h3\">900\u20ac<\/span> par chambre pour 7 jours<\/div>\n\t\t<\/div>\n\t\t<!-- fine contenitore prezzo -->\n\t\t  <!-- contenitore immagine -->\n\t\t  <div class=\"barret-141598\" style=\"background-size: cover; height: 238px; overflow:hidden;\">\n\t\t\t<!-- inizio timer -->\n\t\t\t<div class=\"hidden-xl-down g--bkg-light-04 position-absolute l--top l--right p-2 text-primary timer l--b-a-1 border g--b-c-03\" style=\"z-index:800!important;\" id=\"timer_141598\">\n\t\t\t\t<div class=\"text-center text-warning font-weight-bold text-uppercase\">L'offre expire en<\/div>\n\t\t\t\t<div class=\"\" style=\"display:flex\">\n\t\t\t\t\t<div class=\"p-2 g--bkg-light-02 m-1\">\n\t\t\t\t\t\t<span class=\"days\"><\/span> <span class=\"text-small\">gg<\/span>\n\t\t\t\t\t<\/div>\n\t\t\t\t\t<div class=\"p-2 g--bkg-light-02 m-1\">\n\t\t\t\t\t\t<span class=\"hours\"><\/span> <span class=\"text-small\">hh<\/span>\n\t\t\t\t\t<\/div>\n\t\t\t\t\t<div class=\"p-2 g--bkg-light-02 m-1\">\n\t\t\t\t\t\t<span class=\"minutes\"><\/span> <span class=\"text-small\">mm<\/span>\n\t\t\t\t\t<\/div>\n\t\t\t\t\t<div class=\"p-2 g--bkg-light-02 m-1\">\n\t\t\t\t\t\t<span class=\"seconds\"><\/span> <span class=\"text-small\">ss<\/span>\n\t\t\t\t\t<\/div>\n\t\t\t\t<\/div>\n\t\t\t<\/div>\n\t\t\t<script type=\"text\/javascript\">setTimeout(function(){ CountDownOfferte('14\/06\/2026', 'timer_141598'); }, 5000); BkgImgOfferta('https:\/\/static.adriasonline.it\/barret\/make\/offerte\/3075\/dettaglio\/img_141595.jpg?w=450&h=300&q=80&fit=cover', '141598', 'cover');<\/script>\n\t\t\t<!-- fine timer -->\n\t\t<\/div>\n\t\t<!-- fine contenitore immagine -->\n\t\t<div class=\"d-flex justify-content-end align-items-center\">\n\t\t\t<a class=\"btn btn-primary px-4 py-2 rounded-0 text-uppercase\" href=\"https:\/\/www.vacanzeallinclusive.com\/fr\/offerte\/promo-speciale-fine-giugno-141595.php\" title=\"Offre Juin 2026 Gatteo Mare\" tabindex=\"-1\">D\u00e9couvrir <i class=\"fas fa-arrow-right ml-3\"><\/i><\/a>\n\t\t<\/div>\n\t<\/div>\n\t\n<\/div>\n\t\t\t\t\t\t\t\t<\/div> \n\t\t\t\t\t\t\t\t\t\t\n\t\t\t\t\t\t\t\t<div class=\"col-md-6 col-lg-4  box_shadow\">\n\t\t\t\n\t\t\t\t\t\t\t\n<div class=\"g--bkg-light-04 m-2\">\n\t<div class=\"text-left\" style=\"padding: 52px 52px 0 52px;\">\n\t<div style=\"min-height:95px;\">\t<!-- titolo + sottotitolo -->\n\t\t<a href=\"https:\/\/www.vacanzeallinclusive.com\/fr\/offerte\/settimana-fine-luglio-141896.php\" class=\"text-primary h4\">Offre Fin juillet et d\u00e9but ao\u00fbt 2026 Gatteo Mare<\/a>\n\n\t\t<!-- fine titolo + sottotitolo -->\n\t\t<div class=\"text-small\">du 26\/07\/2026 au 02\/08\/2026<\/div>\n<\/div>\n\t\t<!-- contenitore prezzo -->\n\t\t<div class=\"py-3\">\n\t\t\t<div>de <span class=\"text-secondary h3\">1 400 \u20ac<\/span> par chambre pour 7 jours<\/div>\n\t\t<\/div>\n\t\t<!-- fine contenitore prezzo -->\n\t\t  <!-- contenitore immagine -->\n\t\t  <div class=\"barret-141899\" style=\"background-size: cover; height: 238px; overflow:hidden;\">\n\t\t\t<!-- inizio timer -->\n\t\t\t<div class=\"hidden-xl-down g--bkg-light-04 position-absolute l--top l--right p-2 text-primary timer l--b-a-1 border g--b-c-03\" style=\"z-index:800!important;\" id=\"timer_141899\">\n\t\t\t\t<div class=\"text-center text-warning font-weight-bold text-uppercase\">L'offre expire en<\/div>\n\t\t\t\t<div class=\"\" style=\"display:flex\">\n\t\t\t\t\t<div class=\"p-2 g--bkg-light-02 m-1\">\n\t\t\t\t\t\t<span class=\"days\"><\/span> <span class=\"text-small\">gg<\/span>\n\t\t\t\t\t<\/div>\n\t\t\t\t\t<div class=\"p-2 g--bkg-light-02 m-1\">\n\t\t\t\t\t\t<span class=\"hours\"><\/span> <span class=\"text-small\">hh<\/span>\n\t\t\t\t\t<\/div>\n\t\t\t\t\t<div class=\"p-2 g--bkg-light-02 m-1\">\n\t\t\t\t\t\t<span class=\"minutes\"><\/span> <span class=\"text-small\">mm<\/span>\n\t\t\t\t\t<\/div>\n\t\t\t\t\t<div class=\"p-2 g--bkg-light-02 m-1\">\n\t\t\t\t\t\t<span class=\"seconds\"><\/span> <span class=\"text-small\">ss<\/span>\n\t\t\t\t\t<\/div>\n\t\t\t\t<\/div>\n\t\t\t<\/div>\n\t\t\t<script type=\"text\/javascript\">setTimeout(function(){ CountDownOfferte('02\/08\/2026', 'timer_141899'); }, 5000); BkgImgOfferta('https:\/\/static.adriasonline.it\/barret\/make\/offerte\/3075\/dettaglio\/img_141896.jpg?w=450&h=300&q=80&fit=cover', '141899', 'cover');<\/script>\n\t\t\t<!-- fine timer -->\n\t\t<\/div>\n\t\t<!-- fine contenitore immagine -->\n\t\t<div class=\"d-flex justify-content-end align-items-center\">\n\t\t\t<a class=\"btn btn-primary px-4 py-2 rounded-0 text-uppercase\" href=\"https:\/\/www.vacanzeallinclusive.com\/fr\/offerte\/settimana-fine-luglio-141896.php\" title=\"Offre Fin juillet et d\u00e9but ao\u00fbt 2026 Gatteo Mare\" tabindex=\"-1\">D\u00e9couvrir <i class=\"fas fa-arrow-right ml-3\"><\/i><\/a>\n\t\t<\/div>\n\t<\/div>\n\t\n<\/div>\n\t\t\t\t\t\t\t\t<\/div> \n\t\t\t\t\t\t\t\t\t\t\n\t\t\t\t\t\t\t\t<div class=\"col-md-6 col-lg-4  box_shadow\">\n\t\t\t\n\t\t\t\t\t\t\t\n<div class=\"g--bkg-light-04 m-2\">\n\t<div class=\"text-left\" style=\"padding: 52px 52px 0 52px;\">\n\t<div style=\"min-height:95px;\">\t<!-- titolo + sottotitolo -->\n\t\t<a href=\"https:\/\/www.vacanzeallinclusive.com\/fr\/offerte\/settimana-speciale-promo-per-famiglie-inizio-agosto-145191.php\" class=\"text-primary h4\">Offre Ao\u00fbt 2026 Gatteo Mare<\/a>\n\n\t\t<!-- fine titolo + sottotitolo -->\n\t\t<div class=\"text-small\">du 02\/08\/2026 au 09\/08\/2026<\/div>\n<\/div>\n\t\t<!-- contenitore prezzo -->\n\t\t<div class=\"py-3\">\n\t\t\t<div>de <span class=\"text-secondary h3\">1 400 \u20ac<\/span> par chambre pour 7 jours<\/div>\n\t\t<\/div>\n\t\t<!-- fine contenitore prezzo -->\n\t\t  <!-- contenitore immagine -->\n\t\t  <div class=\"barret-145194\" style=\"background-size: cover; height: 238px; overflow:hidden;\">\n\t\t\t<!-- inizio timer -->\n\t\t\t<div class=\"hidden-xl-down g--bkg-light-04 position-absolute l--top l--right p-2 text-primary timer l--b-a-1 border g--b-c-03\" style=\"z-index:800!important;\" id=\"timer_145194\">\n\t\t\t\t<div class=\"text-center text-warning font-weight-bold text-uppercase\">L'offre expire en<\/div>\n\t\t\t\t<div class=\"\" style=\"display:flex\">\n\t\t\t\t\t<div class=\"p-2 g--bkg-light-02 m-1\">\n\t\t\t\t\t\t<span class=\"days\"><\/span> <span class=\"text-small\">gg<\/span>\n\t\t\t\t\t<\/div>\n\t\t\t\t\t<div class=\"p-2 g--bkg-light-02 m-1\">\n\t\t\t\t\t\t<span class=\"hours\"><\/span> <span class=\"text-small\">hh<\/span>\n\t\t\t\t\t<\/div>\n\t\t\t\t\t<div class=\"p-2 g--bkg-light-02 m-1\">\n\t\t\t\t\t\t<span class=\"minutes\"><\/span> <span class=\"text-small\">mm<\/span>\n\t\t\t\t\t<\/div>\n\t\t\t\t\t<div class=\"p-2 g--bkg-light-02 m-1\">\n\t\t\t\t\t\t<span class=\"seconds\"><\/span> <span class=\"text-small\">ss<\/span>\n\t\t\t\t\t<\/div>\n\t\t\t\t<\/div>\n\t\t\t<\/div>\n\t\t\t<script type=\"text\/javascript\">setTimeout(function(){ CountDownOfferte('09\/08\/2026', 'timer_145194'); }, 5000); BkgImgOfferta('https:\/\/static.adriasonline.it\/barret\/make\/offerte\/3075\/dettaglio\/img_145191.jpg?w=450&h=300&q=80&fit=cover', '145194', 'cover');<\/script>\n\t\t\t<!-- fine timer -->\n\t\t<\/div>\n\t\t<!-- fine contenitore immagine -->\n\t\t<div class=\"d-flex justify-content-end align-items-center\">\n\t\t\t<a class=\"btn btn-primary px-4 py-2 rounded-0 text-uppercase\" href=\"https:\/\/www.vacanzeallinclusive.com\/fr\/offerte\/settimana-speciale-promo-per-famiglie-inizio-agosto-145191.php\" title=\"Offre Ao\u00fbt 2026 Gatteo Mare\" tabindex=\"-1\">D\u00e9couvrir <i class=\"fas fa-arrow-right ml-3\"><\/i><\/a>\n\t\t<\/div>\n\t<\/div>\n\t\n<\/div>\n\t\t\t\t\t\t\t\t<\/div> \n\t\t\t\t\t\t\t    \n\t\t\t\t\t\t\t\n\t\t\t<\/div>\n\t\t<\/div>\n\t\n\n<\/div>\n    <\/div>\n<\/div>\n<\/section>","protected":false},"excerpt":{"rendered":"","protected":false},"author":1,"featured_media":0,"parent":0,"menu_order":0,"comment_status":"closed","ping_status":"closed","template":"page-offerte.php","meta":{"footnotes":""},"class_list":["post-13","page","type-page","status-publish","hentry"],"_links":{"self":[{"href":"https:\/\/www.vacanzeallinclusive.com\/fr\/wp-json\/wp\/v2\/pages\/13","targetHints":{"allow":["GET"]}}],"collection":[{"href":"https:\/\/www.vacanzeallinclusive.com\/fr\/wp-json\/wp\/v2\/pages"}],"about":[{"href":"https:\/\/www.vacanzeallinclusive.com\/fr\/wp-json\/wp\/v2\/types\/page"}],"author":[{"embeddable":true,"href":"https:\/\/www.vacanzeallinclusive.com\/fr\/wp-json\/wp\/v2\/users\/1"}],"replies":[{"embeddable":true,"href":"https:\/\/www.vacanzeallinclusive.com\/fr\/wp-json\/wp\/v2\/comments?post=13"}],"version-history":[{"count":28,"href":"https:\/\/www.vacanzeallinclusive.com\/fr\/wp-json\/wp\/v2\/pages\/13\/revisions"}],"predecessor-version":[{"id":1955,"href":"https:\/\/www.vacanzeallinclusive.com\/fr\/wp-json\/wp\/v2\/pages\/13\/revisions\/1955"}],"wp:attachment":[{"href":"https:\/\/www.vacanzeallinclusive.com\/fr\/wp-json\/wp\/v2\/media?parent=13"}],"curies":[{"name":"wp","href":"https:\/\/api.w.org\/{rel}","templated":true}]}}