{"id":1748,"date":"2023-03-10T12:54:28","date_gmt":"2023-03-10T11:54:28","guid":{"rendered":"https:\/\/www.vacanzeallinclusive.com\/?page_id=1748"},"modified":"2023-03-31T10:37:51","modified_gmt":"2023-03-31T08:37:51","slug":"listino","status":"publish","type":"page","link":"https:\/\/www.vacanzeallinclusive.com\/fr\/listino\/","title":{"rendered":"Liste"},"content":{"rendered":"<section class=\"wao-blocks-container container-fluid mb-0\"\n\t\t>\n    \n<div class=\"wao-blocks-row row\" >\n    \n\n<div class=\"col-12 col-md-12 p-0\"\n     \n\t \n\t>\n        \n<div class=\"border-20 g--b-c-light\">\n<div class=\"w-100 h-100 position-relative\">\n\n\n<div id=\"flc-carousel\" data-cellalign=\"center\" data-bglazyload=\"1\" data-freescroll=\"true\" data-wraparound=\"true\" data-autoplay=\"2000\" data-pauseautoplayonhover =\"true\" data-prevnextbuttons=\"false\" data-contain=\"true\" data-pagedots=\"false\" data-draggable=\"false\" data-groupcells=\"1\" data-fade=\"true\" class=\"js--flickity wao-blocks-slider flc-carousel-10401\"  >\n\n                            <div class=\"w-100\">\n                    \n    <div style='background: url(https:\/\/www.vacanzeallinclusive.com\/wp-content\/uploads\/2023\/03\/top-listino.jpg)center center ; background-blend-mode: multiply; background-size: cover; height: 70vh; background-position: 50% 50%;' class='wao-blocks-flc-banner max-h-300px'>\n        <div \n            class='carousel-caption mobile-tablet-centered text-center' \n                        style='max-width: 800px; bottom: 25%; background-color:  ; margin:  auto            '>\n                    <\/div>\n        <style>\n            @media screen and (max-width: 992px) {\n                .mobile-tablet-centered {\n                    margin: auto !important;\n                }\n            }\n        <\/style>\n    <\/div>\n    \n                <\/div>\n            \n<\/div>\n\n<div class=\"position-absolute mx auto text-center l--bottom z-index-10 g--gradient-top-home w-100 h-100 d-flex  justify-content-center flex-column\">\n<div class=\"mb-auto pt-5 d-none d-lg-block\">\n<picture><img decoding=\"async\" src=\"https:\/\/www.vacanzeallinclusive.com\/wp-content\/uploads\/2023\/03\/logo-corallo-home.png\" class=\"img-fluid mx-auto\" alt=\"Logo Hotel Corallo - Gatteo Mare\"\/><\/picture>\n<\/div>\n<div class=\"h1 text-white mb-0 text-uppercase g--text-shadow line-height-1 mt-auto\">R\u00e9servez et \u00e9conomisez<\/div>\n<div class=\"h2 mb-5  line-height-1 margin-top-neg-20\" >\u00e0 Gatteo Mare<\/div>\n<\/div>\n<\/div>\n<\/div>\n\n    <\/div>\n<\/div>\n<\/section>\n\n<section class=\"wao-blocks-container container-fluid mb-5\"\n\t\t>\n    \n<div class=\"wao-blocks-row row\" >\n    \n\n<div class=\"col-12 col-md-12 p-0\"\n     \n\t \n\t>\n        \n<div class=\"mx-auto p-5\" style=\"max-width:1140px;\">\n\n\n<div class=\"breadcrumb-block\"\n    >\n    <div class=\"text-secondary mx-auto text-center small\">\n        <a href=\"https:\/\/www.vacanzeallinclusive.com\/fr\" rel=\"nofollow\" title=\"Accueil\">Accueil &gt;<\/a>\n        Liste    <\/div>\n<\/div>\n\n\n<h1 class=\"wp-block-heading has-text-align-center text-uppercase mb-0\">Liste des prix<\/h1>\n\n\n\n<h2 class=\"wp-block-heading has-text-align-center\">La convenienza dell'All Inclusive<\/h2>\n\n\n\n<p class=\"has-text-align-center\">Vous planifiez vos vacances d'\u00e9t\u00e9 ? Choisissez votre p\u00e9riode et partez \u00e0 la mer avec notre <strong>formule tout compris.<\/strong> <br>Nous vous attendons avec des tarifs avantageux et des r\u00e9ductions pour les familles. Rendez vos vacances inoubliables : contactez-nous d\u00e8s maintenant pour obtenir une offre personnalis\u00e9e.<\/p>\n\n\n<\/div>\n<div class=\"mx-auto p-4 w-100 g--bkg-light-02\" style=\"max-width:1280px;\">\n\n\n\n<style>\n\t.nav-link{\n\t\tborder-radius: 0px 15px 0px 0px !important;\t}\n\t.nav-tabs .nav-item.show .nav-link, .nav-tabs .nav-link.active{\n\t\tborder-radius: 0px 15px 0px 0px !important;\t}\n<\/style>\n\t<div class=\"wao-blocks-listino-v1\" data-cof=\"true\" data-cof-rule=\"\">\n\t\t<div class=\"d-none\" data-vertical-space=\"10\" style=\"z-index: 999;\">\n\t\t\t\t\t\t\t<ul class=\"nav nav-tabs d-flex justify-content-start\" id=\"myTab\" role=\"tablist\">\n\t\t\t\t\t\t\t\t\t\t\t<li class=\"nav-item\">\n\t\t\t\t\t\t\t\t<a class=\"nav-link active btn btn-primary\" id=\"Tarif-tab\" data-toggle=\"tab\" href=\"#Tarif\" role=\"tab\" aria-controls=\"Tarif\" aria-selected=\"true\" title=\"Tarif\">\n\t\t\t\t\t\t\t\t\tTarif\t\t\t\t\t\t\t\t<\/a>\n\t\t\t\t\t\t\t<\/li>\n\t\t\t\t\t\t\t <\/ul>\n\t\t\t\t\t<\/div> \n\t\t<div class=\"tab-content\">\n\t\t\t\t\t\t\t<div class=\"tab-pane fade active show\" id=\"Tarif\" role=\"tabpanel\" aria-labelledby=\"Tarif-tab\">\n\t\t\t\t\t\t\t\t\t\t\t\t\t\t\t\t\t\t\t\t\t\t\t<article class=\"row\">\n\t\t\t\t\t\t\t\t\t\t\t<div class=\"col-12 g--bkg-dark-01 text-center\">\n\n\t\t\t\t\t\t\t\t\t\t\t\t\t\t\t\t\t\t\t\t\t\t\t\t\t<h5 class=\"text-center pb-1 pt-2 text-white\">Tout compris<\/h5>\n\t\t\t\t\t\t\t\t\t\t\t\t\t\t\t\t\t\t\t\t\t\t\t\t\t\t\t\t\t\t\t\t\t\t\t\t\t<span class=\"text-center py-1\"><\/span>\n\t\t\t\t\t\t\t\t\t\t\t\t\n\t\t\t\t\t\t\t\t\t\t\t<\/div>\n\t\t\t\t\t\t\t\t\t\t\t\t\t\t\t\t\t\t\t\t\t<\/article>\n\n\t\t\t\t\t\t\t\t\t\t<article class=\"row\">\n\t\t\t\t\t\t\t\t\t\t\t\t\t\t\t\t\t\t\t\t\t\t\t<div class=\"col-6 col-xl-2 col-lg-3 p-0\">\n\t\t\t\t\t\t\t\t\t\t\t\t\t\t\t\t\t\t\t\t\t\t\t\t\t\t\t<div class=\"text-center py-1\">\n\t\t\t\t\t\t\t\t\t\t\t\t\t\t\t<div class=\"\"><\/div>\n\t\t\t\t\t\t\t\t\t\t\t\t\t\t\t\n\t\t\t\t\t\t\t\t\t\t\t\t\t\t\t<div class=\"text-small p-2\">01\/05 - 31\/05<\/div>\n\n\t\t\t\t\t\t\t\t\t\t\t\t\t\t\t<div class=\"p-2 font-weight-bold h4 text-center border-bottom-1 g--b-c-01\">\n\t\t\t\t\t\t\t\t\t\t\t\t\t\t\t\t\u00e0 partir de 54 \u20ac \t\t\t\t\t\t\t\t\t\t\t\t\t\t\t\t\t\n\t\t\t\t\t\t\t\t\t\t\t\t\t\t\t<\/div>\n\t\t\t\t\t\t\t\t\t\t\t\t\t\t<\/div>\n\t\t\t\t\t\t\t\t\t\t\t\t\t\t\t\t\t\t\t\t\t\t\t\t\t\t\t\t\t\t\t\t\t\t\t\t\t\t\t<\/div>\n\t\t\t\t\t\t\t\t\t\t\t\t\t\t\t\t\t\t\t\t\t\t\t<div class=\"col-6 col-xl-2 col-lg-3 p-0\">\n\t\t\t\t\t\t\t\t\t\t\t\t\t\t\t\t\t\t\t\t\t\t\t\t\t\t\t<div class=\"text-center py-1\">\n\t\t\t\t\t\t\t\t\t\t\t\t\t\t\t<div class=\"\"><\/div>\n\t\t\t\t\t\t\t\t\t\t\t\t\t\t\t\n\t\t\t\t\t\t\t\t\t\t\t\t\t\t\t<div class=\"text-small p-2\">01\/06 - 08\/06<\/div>\n\n\t\t\t\t\t\t\t\t\t\t\t\t\t\t\t<div class=\"p-2 font-weight-bold h4 text-center border-bottom-1 g--b-c-01\">\n\t\t\t\t\t\t\t\t\t\t\t\t\t\t\t\t\u00e0 partir de 67 \u20ac \t\t\t\t\t\t\t\t\t\t\t\t\t\t\t\t\t\n\t\t\t\t\t\t\t\t\t\t\t\t\t\t\t<\/div>\n\t\t\t\t\t\t\t\t\t\t\t\t\t\t<\/div>\n\t\t\t\t\t\t\t\t\t\t\t\t\t\t\t\t\t\t\t\t\t\t\t\t\t\t\t\t\t\t\t\t\t\t\t\t\t\t\t<\/div>\n\t\t\t\t\t\t\t\t\t\t\t\t\t\t\t\t\t\t\t\t\t\t\t<div class=\"col-6 col-xl-2 col-lg-3 p-0\">\n\t\t\t\t\t\t\t\t\t\t\t\t\t\t\t\t\t\t\t\t\t\t\t\t\t\t\t<div class=\"text-center py-1\">\n\t\t\t\t\t\t\t\t\t\t\t\t\t\t\t<div class=\"\"><\/div>\n\t\t\t\t\t\t\t\t\t\t\t\t\t\t\t\n\t\t\t\t\t\t\t\t\t\t\t\t\t\t\t<div class=\"text-small p-2\">09\/06 - 29\/06<\/div>\n\n\t\t\t\t\t\t\t\t\t\t\t\t\t\t\t<div class=\"p-2 font-weight-bold h4 text-center border-bottom-1 g--b-c-01\">\n\t\t\t\t\t\t\t\t\t\t\t\t\t\t\t\t\u00e0 partir de 73 \u20ac \t\t\t\t\t\t\t\t\t\t\t\t\t\t\t\t\t\n\t\t\t\t\t\t\t\t\t\t\t\t\t\t\t<\/div>\n\t\t\t\t\t\t\t\t\t\t\t\t\t\t<\/div>\n\t\t\t\t\t\t\t\t\t\t\t\t\t\t\t\t\t\t\t\t\t\t\t\t\t\t\t\t\t\t\t\t\t\t\t\t\t\t\t<\/div>\n\t\t\t\t\t\t\t\t\t\t\t\t\t\t\t\t\t\t\t\t\t\t\t<div class=\"col-6 col-xl-2 col-lg-3 p-0\">\n\t\t\t\t\t\t\t\t\t\t\t\t\t\t\t\t\t\t\t\t\t\t\t\t\t\t\t<div class=\"text-center py-1\">\n\t\t\t\t\t\t\t\t\t\t\t\t\t\t\t<div class=\"\"><\/div>\n\t\t\t\t\t\t\t\t\t\t\t\t\t\t\t\n\t\t\t\t\t\t\t\t\t\t\t\t\t\t\t<div class=\"text-small p-2\">30\/06 - 13\/07<\/div>\n\n\t\t\t\t\t\t\t\t\t\t\t\t\t\t\t<div class=\"p-2 font-weight-bold h4 text-center border-bottom-1 g--b-c-01\">\n\t\t\t\t\t\t\t\t\t\t\t\t\t\t\t\t\u00e0 partir de 80 \u20ac \t\t\t\t\t\t\t\t\t\t\t\t\t\t\t\t\t\n\t\t\t\t\t\t\t\t\t\t\t\t\t\t\t<\/div>\n\t\t\t\t\t\t\t\t\t\t\t\t\t\t<\/div>\n\t\t\t\t\t\t\t\t\t\t\t\t\t\t\t\t\t\t\t\t\t\t\t\t\t\t\t\t\t\t\t\t\t\t\t\t\t\t\t<\/div>\n\t\t\t\t\t\t\t\t\t\t\t\t\t\t\t\t\t\t\t\t\t\t\t<div class=\"col-6 col-xl-2 col-lg-3 p-0\">\n\t\t\t\t\t\t\t\t\t\t\t\t\t\t\t\t\t\t\t\t\t\t\t\t\t\t\t<div class=\"text-center py-1\">\n\t\t\t\t\t\t\t\t\t\t\t\t\t\t\t<div class=\"\"><\/div>\n\t\t\t\t\t\t\t\t\t\t\t\t\t\t\t\n\t\t\t\t\t\t\t\t\t\t\t\t\t\t\t<div class=\"text-small p-2\">13\/07 - 27\/07<\/div>\n\n\t\t\t\t\t\t\t\t\t\t\t\t\t\t\t<div class=\"p-2 font-weight-bold h4 text-center border-bottom-1 g--b-c-01\">\n\t\t\t\t\t\t\t\t\t\t\t\t\t\t\t\t\u00e0 partir de 85 \u20ac \t\t\t\t\t\t\t\t\t\t\t\t\t\t\t\t\t\n\t\t\t\t\t\t\t\t\t\t\t\t\t\t\t<\/div>\n\t\t\t\t\t\t\t\t\t\t\t\t\t\t<\/div>\n\t\t\t\t\t\t\t\t\t\t\t\t\t\t\t\t\t\t\t\t\t\t\t\t\t\t\t\t\t\t\t\t\t\t\t\t\t\t\t<\/div>\n\t\t\t\t\t\t\t\t\t\t\t\t\t\t\t\t\t\t\t\t\t\t\t<div class=\"col-6 col-xl-2 col-lg-3 p-0\">\n\t\t\t\t\t\t\t\t\t\t\t\t\t\t\t\t\t\t\t\t\t\t\t\t\t\t\t<div class=\"text-center py-1\">\n\t\t\t\t\t\t\t\t\t\t\t\t\t\t\t<div class=\"\"><\/div>\n\t\t\t\t\t\t\t\t\t\t\t\t\t\t\t\n\t\t\t\t\t\t\t\t\t\t\t\t\t\t\t<div class=\"text-small p-2\">28\/07 - 03\/08<\/div>\n\n\t\t\t\t\t\t\t\t\t\t\t\t\t\t\t<div class=\"p-2 font-weight-bold h4 text-center border-bottom-1 g--b-c-01\">\n\t\t\t\t\t\t\t\t\t\t\t\t\t\t\t\t\u00e0 partir de 80 \u20ac \t\t\t\t\t\t\t\t\t\t\t\t\t\t\t\t\t\n\t\t\t\t\t\t\t\t\t\t\t\t\t\t\t<\/div>\n\t\t\t\t\t\t\t\t\t\t\t\t\t\t<\/div>\n\t\t\t\t\t\t\t\t\t\t\t\t\t\t\t\t\t\t\t\t\t\t\t\t\t\t\t\t\t\t\t\t\t\t\t\t\t\t\t<\/div>\n\t\t\t\t\t\t\t\t\t\t\t\t\t\t\t\t\t\t\t\t\t\t\t<div class=\"col-6 col-xl-2 col-lg-3 p-0\">\n\t\t\t\t\t\t\t\t\t\t\t\t\t\t\t\t\t\t\t\t\t\t\t\t\t\t\t<div class=\"text-center py-1\">\n\t\t\t\t\t\t\t\t\t\t\t\t\t\t\t<div class=\"\"><\/div>\n\t\t\t\t\t\t\t\t\t\t\t\t\t\t\t\n\t\t\t\t\t\t\t\t\t\t\t\t\t\t\t<div class=\"text-small p-2\">04\/08 - 10\/08<\/div>\n\n\t\t\t\t\t\t\t\t\t\t\t\t\t\t\t<div class=\"p-2 font-weight-bold h4 text-center border-bottom-1 g--b-c-01\">\n\t\t\t\t\t\t\t\t\t\t\t\t\t\t\t\t\u00e0 partir de 96 \u20ac \t\t\t\t\t\t\t\t\t\t\t\t\t\t\t\t\t\n\t\t\t\t\t\t\t\t\t\t\t\t\t\t\t<\/div>\n\t\t\t\t\t\t\t\t\t\t\t\t\t\t<\/div>\n\t\t\t\t\t\t\t\t\t\t\t\t\t\t\t\t\t\t\t\t\t\t\t\t\t\t\t\t\t\t\t\t\t\t\t\t\t\t\t<\/div>\n\t\t\t\t\t\t\t\t\t\t\t\t\t\t\t\t\t\t\t\t\t\t\t<div class=\"col-6 col-xl-2 col-lg-3 p-0\">\n\t\t\t\t\t\t\t\t\t\t\t\t\t\t\t\t\t\t\t\t\t\t\t\t\t\t\t<div class=\"text-center py-1\">\n\t\t\t\t\t\t\t\t\t\t\t\t\t\t\t<div class=\"\"><\/div>\n\t\t\t\t\t\t\t\t\t\t\t\t\t\t\t\n\t\t\t\t\t\t\t\t\t\t\t\t\t\t\t<div class=\"text-small p-2\">11\/08 - 17\/08<\/div>\n\n\t\t\t\t\t\t\t\t\t\t\t\t\t\t\t<div class=\"p-2 font-weight-bold h4 text-center border-bottom-1 g--b-c-01\">\n\t\t\t\t\t\t\t\t\t\t\t\t\t\t\t\t\u00e0 partir de 115 \u20ac \t\t\t\t\t\t\t\t\t\t\t\t\t\t\t\t\t\n\t\t\t\t\t\t\t\t\t\t\t\t\t\t\t<\/div>\n\t\t\t\t\t\t\t\t\t\t\t\t\t\t<\/div>\n\t\t\t\t\t\t\t\t\t\t\t\t\t\t\t\t\t\t\t\t\t\t\t\t\t\t\t\t\t\t\t\t\t\t\t\t\t\t\t<\/div>\n\t\t\t\t\t\t\t\t\t\t\t\t\t\t\t\t\t\t\t\t\t\t\t<div class=\"col-6 col-xl-2 col-lg-3 p-0\">\n\t\t\t\t\t\t\t\t\t\t\t\t\t\t\t\t\t\t\t\t\t\t\t\t\t\t\t<div class=\"text-center py-1\">\n\t\t\t\t\t\t\t\t\t\t\t\t\t\t\t<div class=\"\"><\/div>\n\t\t\t\t\t\t\t\t\t\t\t\t\t\t\t\n\t\t\t\t\t\t\t\t\t\t\t\t\t\t\t<div class=\"text-small p-2\">18\/08 - 24\/08<\/div>\n\n\t\t\t\t\t\t\t\t\t\t\t\t\t\t\t<div class=\"p-2 font-weight-bold h4 text-center border-bottom-1 g--b-c-01\">\n\t\t\t\t\t\t\t\t\t\t\t\t\t\t\t\t\u00e0 partir de 96 \u20ac \t\t\t\t\t\t\t\t\t\t\t\t\t\t\t\t\t\n\t\t\t\t\t\t\t\t\t\t\t\t\t\t\t<\/div>\n\t\t\t\t\t\t\t\t\t\t\t\t\t\t<\/div>\n\t\t\t\t\t\t\t\t\t\t\t\t\t\t\t\t\t\t\t\t\t\t\t\t\t\t\t\t\t\t\t\t\t\t\t\t\t\t\t<\/div>\n\t\t\t\t\t\t\t\t\t\t\t\t\t\t\t\t\t\t\t\t\t\t\t<div class=\"col-6 col-xl-2 col-lg-3 p-0\">\n\t\t\t\t\t\t\t\t\t\t\t\t\t\t\t\t\t\t\t\t\t\t\t\t\t\t\t<div class=\"text-center py-1\">\n\t\t\t\t\t\t\t\t\t\t\t\t\t\t\t<div class=\"\"><\/div>\n\t\t\t\t\t\t\t\t\t\t\t\t\t\t\t\n\t\t\t\t\t\t\t\t\t\t\t\t\t\t\t<div class=\"text-small p-2\">25\/08 - 31\/08<\/div>\n\n\t\t\t\t\t\t\t\t\t\t\t\t\t\t\t<div class=\"p-2 font-weight-bold h4 text-center border-bottom-1 g--b-c-01\">\n\t\t\t\t\t\t\t\t\t\t\t\t\t\t\t\t\u00e0 partir de 88 \u20ac \t\t\t\t\t\t\t\t\t\t\t\t\t\t\t\t\t\n\t\t\t\t\t\t\t\t\t\t\t\t\t\t\t<\/div>\n\t\t\t\t\t\t\t\t\t\t\t\t\t\t<\/div>\n\t\t\t\t\t\t\t\t\t\t\t\t\t\t\t\t\t\t\t\t\t\t\t\t\t\t\t\t\t\t\t\t\t\t\t\t\t\t\t<\/div>\n\t\t\t\t\t\t\t\t\t\t\t\t\t\t\t\t\t\t\t\t\t\t\t<div class=\"col-6 col-xl-2 col-lg-3 p-0\">\n\t\t\t\t\t\t\t\t\t\t\t\t\t\t\t\t\t\t\t\t\t\t\t\t\t\t\t<div class=\"text-center py-1\">\n\t\t\t\t\t\t\t\t\t\t\t\t\t\t\t<div class=\"\"><\/div>\n\t\t\t\t\t\t\t\t\t\t\t\t\t\t\t\n\t\t\t\t\t\t\t\t\t\t\t\t\t\t\t<div class=\"text-small p-2\">01\/09 - 14\/09<\/div>\n\n\t\t\t\t\t\t\t\t\t\t\t\t\t\t\t<div class=\"p-2 font-weight-bold h4 text-center border-bottom-1 g--b-c-01\">\n\t\t\t\t\t\t\t\t\t\t\t\t\t\t\t\t\u00e0 partir de 78 \u20ac \t\t\t\t\t\t\t\t\t\t\t\t\t\t\t\t\t\n\t\t\t\t\t\t\t\t\t\t\t\t\t\t\t<\/div>\n\t\t\t\t\t\t\t\t\t\t\t\t\t\t<\/div>\n\t\t\t\t\t\t\t\t\t\t\t\t\t\t\t\t\t\t\t\t\t\t\t\t\t\t\t\t\t\t\t\t\t\t\t\t\t\t\t<\/div>\n\t\t\t\t\t\t\t\t\t\t\t\t\t\t\t\t\t\t\t\t\t\t\t<div class=\"col-6 col-xl-2 col-lg-3 p-0\">\n\t\t\t\t\t\t\t\t\t\t\t\t\t\t\t\t\t\t\t\t\t\t\t\t\t\t\t<div class=\"text-center py-1\">\n\t\t\t\t\t\t\t\t\t\t\t\t\t\t\t<div class=\"\"><\/div>\n\t\t\t\t\t\t\t\t\t\t\t\t\t\t\t\n\t\t\t\t\t\t\t\t\t\t\t\t\t\t\t<div class=\"text-small p-2\">15\/09 - 22\/09<\/div>\n\n\t\t\t\t\t\t\t\t\t\t\t\t\t\t\t<div class=\"p-2 font-weight-bold h4 text-center border-bottom-1 g--b-c-01\">\n\t\t\t\t\t\t\t\t\t\t\t\t\t\t\t\t\u00e0 partir de 67 \u20ac \t\t\t\t\t\t\t\t\t\t\t\t\t\t\t\t\t\n\t\t\t\t\t\t\t\t\t\t\t\t\t\t\t<\/div>\n\t\t\t\t\t\t\t\t\t\t\t\t\t\t<\/div>\n\t\t\t\t\t\t\t\t\t\t\t\t\t\t\t\t\t\t\t\t\t\t\t\t\t\t\t\t\t\t\t\t\t\t\t\t\t\t\t<\/div>\n\t\t\t\t\t\t\t\t\t\t\t\t\t\t\t\t\t\t\t\t\t<\/article>\n\t\t\t\t\t\t\t\t\t\t\t\t\t<\/div> \t\t<\/div>\n\t<\/div>\n\n<div class=\"mt-4\">\n\n\n<h3 class=\"wp-block-heading mb-4\">Remarques Liste des prix<\/h3>\n\n\n\n<div class=\"wao-blocks-accordion\" id=\"accordion\" >\n        <div class=\"card border-bottom g--b-c-01 border-top-0 border-right-0 border-left-0 mb-3 g--bkg-light-03\">\n        <div class=\"card-header border-0\" id=\"heading_69d98bbc5dff30\">\n            <h5 class=\"mb-0 mt-0\">\n                <button class=\"btn btn-link font-weight-bold\" data-toggle=\"collapse\"\n                    data-target=\"#collapse_69d98bbc5dff30\" aria-expanded=\"false\"\n                    aria-controls=\"collapse_69d98bbc5dff30\" style=\"white-space: normal;\">\n                    Le traitement tout compris comprend :                <\/button>\n            <\/h5>\n        <\/div>\n        <div id=\"collapse_69d98bbc5dff30\" class=\"collapse\" aria-labelledby=\"headingOne\" data-parent=\"#accordion\">\n            <div class=\"card-body\">\n                <strong>pension compl\u00e8te<\/strong> avec un copieux petit-d\u00e9jeuner sucr\u00e9 et sal\u00e9, menu au choix, buffet d'entr\u00e9es, fruits et desserts<br><strong>boissons aux repas<\/strong> \u00e0 volont\u00e9<br><strong>open bar <\/strong>avec boissons non alcoolis\u00e9es au verre de 11h \u00e0 20h (eau, cola, orangeade, limonade, jus ACE, ananas, orange sanguine et th\u00e9 glac\u00e9)<br><strong>service de plage<\/strong> avec 1 parasol et 2 transats par chambre (minimum 2 adultes)<br><strong>parking gratuit<\/strong> \u00e0 500 m\u00e8tres de l'h\u00f4tel<br><strong>nouvelle aire de jeux <\/strong>interne et externe<br><strong>animation <\/strong>dans la structure et sur la plage<br><strong>location de v\u00e9los<\/strong> pour adultes avec ou sans si\u00e8ge<br><strong>location de serviettes de plage<\/strong> gratuit sur demande<br><strong>salle de sport \u00e9quip\u00e9e<\/strong>            <\/div>\n        <\/div>\n    <\/div>\n        <div class=\"card border-bottom g--b-c-01 border-top-0 border-right-0 border-left-0 mb-3 g--bkg-light-03\">\n        <div class=\"card-header border-0\" id=\"heading_69d98bbc5dff31\">\n            <h5 class=\"mb-0 mt-0\">\n                <button class=\"btn btn-link font-weight-bold\" data-toggle=\"collapse\"\n                    data-target=\"#collapse_69d98bbc5dff31\" aria-expanded=\"false\"\n                    aria-controls=\"collapse_69d98bbc5dff31\" style=\"white-space: normal;\">\n                    R\u00e9ductions pour les enfants partageant la chambre de deux adultes :                <\/button>\n            <\/h5>\n        <\/div>\n        <div id=\"collapse_69d98bbc5dff31\" class=\"collapse\" aria-labelledby=\"headingOne\" data-parent=\"#accordion\">\n            <div class=\"card-body\">\n                0 \u00e0 2 ans : GRATUIT<br>2 \u00e0 5 ans : - 50%<br>5 \u00e0 10 ans : - 30%<br>Plus de 10 ans : - 20%            <\/div>\n        <\/div>\n    <\/div>\n        <div class=\"card border-bottom g--b-c-01 border-top-0 border-right-0 border-left-0 mb-3 g--bkg-light-03\">\n        <div class=\"card-header border-0\" id=\"heading_69d98bbc5dff32\">\n            <h5 class=\"mb-0 mt-0\">\n                <button class=\"btn btn-link font-weight-bold\" data-toggle=\"collapse\"\n                    data-target=\"#collapse_69d98bbc5dff32\" aria-expanded=\"false\"\n                    aria-controls=\"collapse_69d98bbc5dff32\" style=\"white-space: normal;\">\n                    R\u00e9ductions pour les enfants partageant la chambre d'un seul adulte :                <\/button>\n            <\/h5>\n        <\/div>\n        <div id=\"collapse_69d98bbc5dff32\" class=\"collapse\" aria-labelledby=\"headingOne\" data-parent=\"#accordion\">\n            <div class=\"card-body\">\n                0 \u00e0 2 ans : - 50%<br>2 \u00e0 5 ans : - 30%<br>5 \u00e0 10 ans : - 20%<br>Plus de 10 ans : - 10%            <\/div>\n        <\/div>\n    <\/div>\n        <div class=\"card border-bottom g--b-c-01 border-top-0 border-right-0 border-left-0 mb-3 g--bkg-light-03\">\n        <div class=\"card-header border-0\" id=\"heading_69d98bbc5dff33\">\n            <h5 class=\"mb-0 mt-0\">\n                <button class=\"btn btn-link font-weight-bold\" data-toggle=\"collapse\"\n                    data-target=\"#collapse_69d98bbc5dff33\" aria-expanded=\"false\"\n                    aria-controls=\"collapse_69d98bbc5dff33\" style=\"white-space: normal;\">\n                    Suppl\u00e9ments et r\u00e9ductions :                <\/button>\n            <\/h5>\n        <\/div>\n        <div id=\"collapse_69d98bbc5dff33\" class=\"collapse\" aria-labelledby=\"headingOne\" data-parent=\"#accordion\">\n            <div class=\"card-body\">\n                Chambre individuelle : + 10,00 \u20ac par jour.<br>Suppl\u00e9ment double \u00e0 usage unique : 40%<br>R\u00e9duction pour le 3e lit : - 20%<br>R\u00e9duction pour le 4e lit : - 20%<br>            <\/div>\n        <\/div>\n    <\/div>\n        <div class=\"card border-bottom g--b-c-01 border-top-0 border-right-0 border-left-0 mb-3 g--bkg-light-03\">\n        <div class=\"card-header border-0\" id=\"heading_69d98bbc5dff34\">\n            <h5 class=\"mb-0 mt-0\">\n                <button class=\"btn btn-link font-weight-bold\" data-toggle=\"collapse\"\n                    data-target=\"#collapse_69d98bbc5dff34\" aria-expanded=\"false\"\n                    aria-controls=\"collapse_69d98bbc5dff34\" style=\"white-space: normal;\">\n                    Conditions                <\/button>\n            <\/h5>\n        <\/div>\n        <div id=\"collapse_69d98bbc5dff34\" class=\"collapse\" aria-labelledby=\"headingOne\" data-parent=\"#accordion\">\n            <div class=\"card-body\">\n                Les tarifs s'entendent par jour et par personne et sont valables pour un s\u00e9jour minimum de 4 jours. Les tarifs ne comprennent pas la taxe de s\u00e9jour qui doit \u00eatre r\u00e9gl\u00e9e directement \u00e0 l'h\u00f4tel.<br>            <\/div>\n        <\/div>\n    <\/div>\n    <\/div>\n\n<\/div>\n<\/div>\n    <\/div>\n<\/div>\n<\/section>","protected":false},"excerpt":{"rendered":"","protected":false},"author":1,"featured_media":0,"parent":0,"menu_order":0,"comment_status":"closed","ping_status":"closed","template":"","meta":{"footnotes":""},"class_list":["post-1748","page","type-page","status-publish","hentry"],"_links":{"self":[{"href":"https:\/\/www.vacanzeallinclusive.com\/fr\/wp-json\/wp\/v2\/pages\/1748","targetHints":{"allow":["GET"]}}],"collection":[{"href":"https:\/\/www.vacanzeallinclusive.com\/fr\/wp-json\/wp\/v2\/pages"}],"about":[{"href":"https:\/\/www.vacanzeallinclusive.com\/fr\/wp-json\/wp\/v2\/types\/page"}],"author":[{"embeddable":true,"href":"https:\/\/www.vacanzeallinclusive.com\/fr\/wp-json\/wp\/v2\/users\/1"}],"replies":[{"embeddable":true,"href":"https:\/\/www.vacanzeallinclusive.com\/fr\/wp-json\/wp\/v2\/comments?post=1748"}],"version-history":[{"count":20,"href":"https:\/\/www.vacanzeallinclusive.com\/fr\/wp-json\/wp\/v2\/pages\/1748\/revisions"}],"predecessor-version":[{"id":2045,"href":"https:\/\/www.vacanzeallinclusive.com\/fr\/wp-json\/wp\/v2\/pages\/1748\/revisions\/2045"}],"wp:attachment":[{"href":"https:\/\/www.vacanzeallinclusive.com\/fr\/wp-json\/wp\/v2\/media?parent=1748"}],"curies":[{"name":"wp","href":"https:\/\/api.w.org\/{rel}","templated":true}]}}