{"id":1763,"date":"2023-03-10T14:02:13","date_gmt":"2023-03-10T13:02:13","guid":{"rendered":"https:\/\/www.vacanzeallinclusive.com\/?page_id=1763"},"modified":"2025-05-20T18:07:32","modified_gmt":"2025-05-20T16:07:32","slug":"domande-frequenti","status":"publish","type":"page","link":"https:\/\/www.vacanzeallinclusive.com\/fr\/domande-frequenti\/","title":{"rendered":"Questions fr\u00e9quemment pos\u00e9es"},"content":{"rendered":"<section class=\"wao-blocks-container container-fluid mb-0\"\n\t\t>\n    \n<div class=\"wao-blocks-row row\" >\n    \n\n<div class=\"col-12 col-md-12 p-0\"\n     \n\t \n\t>\n        \n<div class=\"border-20 g--b-c-light\">\n<div class=\"w-100 h-100 position-relative\">\n\n\n<div id=\"flc-carousel\" data-cellalign=\"center\" data-bglazyload=\"1\" data-freescroll=\"true\" data-wraparound=\"true\" data-autoplay=\"2000\" data-pauseautoplayonhover =\"true\" data-prevnextbuttons=\"false\" data-contain=\"true\" data-pagedots=\"false\" data-draggable=\"false\" data-groupcells=\"1\" data-fade=\"true\" class=\"js--flickity wao-blocks-slider flc-carousel-67582\"  >\n\n                            <div class=\"w-100\">\n                    \n    <div style='background: url(https:\/\/www.vacanzeallinclusive.com\/wp-content\/uploads\/2023\/03\/top-servizi.jpeg)center center ; background-blend-mode: multiply; background-size: cover; height: 70vh; background-position: 50% 50%;' class='wao-blocks-flc-banner max-h-300px'>\n        <div \n            class='carousel-caption mobile-tablet-centered text-center' \n                        style='max-width: 800px; bottom: 25%; background-color:  ; margin:  auto            '>\n                    <\/div>\n        <style>\n            @media screen and (max-width: 992px) {\n                .mobile-tablet-centered {\n                    margin: auto !important;\n                }\n            }\n        <\/style>\n    <\/div>\n    \n                <\/div>\n            \n<\/div>\n\n<div class=\"position-absolute mx auto text-center l--bottom z-index-10 g--gradient-top-home w-100 h-100 d-flex  justify-content-center flex-column\">\n<div class=\"mb-auto pt-5 d-none d-lg-block\">\n<picture><img decoding=\"async\" src=\"https:\/\/www.vacanzeallinclusive.com\/wp-content\/uploads\/2023\/03\/logo-corallo-home.png\" class=\"img-fluid mx-auto\" alt=\"Logo Hotel Corallo - Gatteo Mare\"\/><\/picture>\n<\/div>\n<div class=\"h1 text-white mb-0 text-uppercase g--text-shadow line-height-1 mt-auto\">Doutes ou questions ?<\/div>\n<div class=\"h2 mb-5  line-height-1 margin-top-neg-20\" >vous trouverez ici les r\u00e9ponses<\/div>\n<\/div>\n<\/div>\n<\/div>\n\n    <\/div>\n<\/div>\n<\/section>\n\n<section class=\"wao-blocks-container container-fluid mb-5\"\n\t\t>\n    \n<div class=\"wao-blocks-row row\" >\n    \n\n<div class=\"col-12 col-md-12 p-0\"\n     \n\t \n\t>\n        \n<div class=\"mx-auto p-5\" style=\"max-width:1140px;\">\n\n\n<div class=\"breadcrumb-block\"\n    >\n    <div class=\"text-secondary mx-auto text-center small\">\n        <a href=\"https:\/\/www.vacanzeallinclusive.com\/fr\" rel=\"nofollow\" title=\"Accueil\">Accueil &gt;<\/a>\n        Questions fr\u00e9quemment pos\u00e9es    <\/div>\n<\/div>\n\n\n<h1 class=\"wp-block-heading has-text-align-center text-uppercase mb-0\">Questions fr\u00e9quemment pos\u00e9es<\/h1>\n\n\n\n<h2 class=\"wp-block-heading has-text-align-center\">Toutes les r\u00e9ponses que vous cherchez<\/h2>\n\n\n\n<p class=\"has-text-align-center\">Pour vous aider \u00e0 planifier au mieux vos vacances \u00e0 l'H\u00f4tel Corallo, nous avons pr\u00e9par\u00e9 une courte liste avec les r\u00e9ponses aux questions suivantes <strong>questions fr\u00e9quemment pos\u00e9es.&nbsp;<\/strong><br>Si nous avons oubli\u00e9 quelque chose, n'h\u00e9sitez pas \u00e0 nous contacter !<\/p>\n\n\n\n<div class=\"mx-auto py-4 w-100\" style=\"max-width:1280px;\">\n\n\n<div class=\"wao-blocks-accordion\" id=\"accordion\" >\n        <div class=\"card border-bottom g--b-c-01 border-top-0 border-right-0 border-left-0 mb-3 g--bkg-light-02\">\n        <div class=\"card-header border-0\" id=\"heading_69d98bbb45bda0\">\n            <h5 class=\"mb-0 mt-0\">\n                <button class=\"btn btn-link font-weight-bold text-left\" data-toggle=\"collapse\"\n                    data-target=\"#collapse_69d98bbb45bda0\" aria-expanded=\"false\"\n                    aria-controls=\"collapse_69d98bbb45bda0\" style=\"white-space: normal;\">\n                    Quelle est la structure de votre h\u00f4tel ?                <\/button>\n            <\/h5>\n        <\/div>\n        <div id=\"collapse_69d98bbb45bda0\" class=\"collapse\" aria-labelledby=\"headingOne\" data-parent=\"#accordion\">\n            <div class=\"card-body text-left\">\n                Nous sommes <strong>un ensemble de trois structures donnant toutes sur la m\u00eame cour<\/strong>, le style d'un centre de vill\u00e9giature. Toutes les installations offrent les m\u00eames services et sont similaires, de sorte que tous les clients se sentent \u00e9galement choy\u00e9s.<br>Mais ne vous inqui\u00e9tez pas, vous ne serez jamais perdu : vous trouverez toujours l'h\u00f4tel Corallo en t\u00eate.<br>            <\/div>\n        <\/div>\n    <\/div>\n        <div class=\"card border-bottom g--b-c-01 border-top-0 border-right-0 border-left-0 mb-3 g--bkg-light-02\">\n        <div class=\"card-header border-0\" id=\"heading_69d98bbb45bda1\">\n            <h5 class=\"mb-0 mt-0\">\n                <button class=\"btn btn-link font-weight-bold text-left\" data-toggle=\"collapse\"\n                    data-target=\"#collapse_69d98bbb45bda1\" aria-expanded=\"false\"\n                    aria-controls=\"collapse_69d98bbb45bda1\" style=\"white-space: normal;\">\n                    Y a-t-il une diff\u00e9rence entre les chambres des diff\u00e9rents \u00e9tablissements ?                <\/button>\n            <\/h5>\n        <\/div>\n        <div id=\"collapse_69d98bbb45bda1\" class=\"collapse\" aria-labelledby=\"headingOne\" data-parent=\"#accordion\">\n            <div class=\"card-body text-left\">\n                Non, toutes les chambres des trois \u00e9tablissements sont similaires et disposent des m\u00eames \u00e9quipements : balcon, salle de bain priv\u00e9e avec cabine de douche, s\u00e8che-cheveux, climatisation ind\u00e9pendante, t\u00e9l\u00e9vision, t\u00e9l\u00e9phone et coffre-fort.\u00a0<br><strong>Sur demande et moyennant un suppl\u00e9ment<\/strong> Un mini-r\u00e9frig\u00e9rateur est \u00e9galement disponible.<br><strong>L'attribution des chambres<\/strong> entre les diff\u00e9rentes structures <strong>est effectu\u00e9e directement par nos soins,<\/strong> selon les demandes et les besoins des h\u00f4tes : nous garantissons ainsi un s\u00e9jour confortable et paisible pour tous.<br>            <\/div>\n        <\/div>\n    <\/div>\n        <div class=\"card border-bottom g--b-c-01 border-top-0 border-right-0 border-left-0 mb-3 g--bkg-light-02\">\n        <div class=\"card-header border-0\" id=\"heading_69d98bbb45bda2\">\n            <h5 class=\"mb-0 mt-0\">\n                <button class=\"btn btn-link font-weight-bold text-left\" data-toggle=\"collapse\"\n                    data-target=\"#collapse_69d98bbb45bda2\" aria-expanded=\"false\"\n                    aria-controls=\"collapse_69d98bbb45bda2\" style=\"white-space: normal;\">\n                    Combien y a-t-il de salles de restaurant ?                <\/button>\n            <\/h5>\n        <\/div>\n        <div id=\"collapse_69d98bbb45bda2\" class=\"collapse\" aria-labelledby=\"headingOne\" data-parent=\"#accordion\">\n            <div class=\"card-body text-left\">\n                Nous avons <strong>deux salles de restaurant<\/strong>. Comme pour les chambres, l'attribution du restaurant est \u00e9galement faite par nos soins et vous sera communiqu\u00e9e \u00e0 votre arriv\u00e9e.<br>            <\/div>\n        <\/div>\n    <\/div>\n        <div class=\"card border-bottom g--b-c-01 border-top-0 border-right-0 border-left-0 mb-3 g--bkg-light-02\">\n        <div class=\"card-header border-0\" id=\"heading_69d98bbb45bda3\">\n            <h5 class=\"mb-0 mt-0\">\n                <button class=\"btn btn-link font-weight-bold text-left\" data-toggle=\"collapse\"\n                    data-target=\"#collapse_69d98bbb45bda3\" aria-expanded=\"false\"\n                    aria-controls=\"collapse_69d98bbb45bda3\" style=\"white-space: normal;\">\n                    Que comprend la formule All Inclusive ?                <\/button>\n            <\/h5>\n        <\/div>\n        <div id=\"collapse_69d98bbb45bda3\" class=\"collapse\" aria-labelledby=\"headingOne\" data-parent=\"#accordion\">\n            <div class=\"card-body text-left\">\n                Avec notre formule, tout est vraiment compris dans le prix : <strong>riche Full Board <\/strong>avec des boissons \u00e0 volont\u00e9 lors des repas \u00e0 la carte,<strong> Open Bar<\/strong> avec des boissons non alcoolis\u00e9es au verre de 11 heures \u00e0 20 heures, <strong>service de plage<\/strong> avec parasol et banc solaire, <strong>stationnement<\/strong> \u00c0 500 m\u00e8tres de l'h\u00f4tel, les nouveaux <strong>aire de jeux<\/strong> internes et externes, <strong>animation<\/strong> dans l'\u00e9tablissement et sur la plage, <strong>location de v\u00e9los <\/strong>par adulte avec ou sans si\u00e8ge enfant, <strong>location de serviettes de plage <\/strong>sur demande et <strong>gymnase<\/strong> \u00e9quip\u00e9.<br>            <\/div>\n        <\/div>\n    <\/div>\n        <div class=\"card border-bottom g--b-c-01 border-top-0 border-right-0 border-left-0 mb-3 g--bkg-light-02\">\n        <div class=\"card-header border-0\" id=\"heading_69d98bbb45bda4\">\n            <h5 class=\"mb-0 mt-0\">\n                <button class=\"btn btn-link font-weight-bold text-left\" data-toggle=\"collapse\"\n                    data-target=\"#collapse_69d98bbb45bda4\" aria-expanded=\"false\"\n                    aria-controls=\"collapse_69d98bbb45bda4\" style=\"white-space: normal;\">\n                    Proposez-vous d'autres traitements que la formule All Inclusive ?                <\/button>\n            <\/h5>\n        <\/div>\n        <div id=\"collapse_69d98bbb45bda4\" class=\"collapse\" aria-labelledby=\"headingOne\" data-parent=\"#accordion\">\n            <div class=\"card-body text-left\">\n                Oui, <strong>sur demande<\/strong> il est \u00e9galement possible de s\u00e9journer en demi-pension avec plage et B&amp;B.<br>            <\/div>\n        <\/div>\n    <\/div>\n        <div class=\"card border-bottom g--b-c-01 border-top-0 border-right-0 border-left-0 mb-3 g--bkg-light-02\">\n        <div class=\"card-header border-0\" id=\"heading_69d98bbb45bda5\">\n            <h5 class=\"mb-0 mt-0\">\n                <button class=\"btn btn-link font-weight-bold text-left\" data-toggle=\"collapse\"\n                    data-target=\"#collapse_69d98bbb45bda5\" aria-expanded=\"false\"\n                    aria-controls=\"collapse_69d98bbb45bda5\" style=\"white-space: normal;\">\n                    \u00cates-vous affili\u00e9 \u00e0 une plage ?                <\/button>\n            <\/h5>\n        <\/div>\n        <div id=\"collapse_69d98bbb45bda5\" class=\"collapse\" aria-labelledby=\"headingOne\" data-parent=\"#accordion\">\n            <div class=\"card-body text-left\">\n                Oui, nous sommes affili\u00e9s \u00e0 <strong>trois \u00e9tablissements de bains<\/strong> qui se trouvent \u00e0 quelques pas de notre h\u00f4tel. Dans les \u00e9tablissements de bains, en plus du service de parasols et de chaises longues, vous trouverez un bowling et une aire de jeux pour les enfants.<br>            <\/div>\n        <\/div>\n    <\/div>\n        <div class=\"card border-bottom g--b-c-01 border-top-0 border-right-0 border-left-0 mb-3 g--bkg-light-02\">\n        <div class=\"card-header border-0\" id=\"heading_69d98bbb45bda6\">\n            <h5 class=\"mb-0 mt-0\">\n                <button class=\"btn btn-link font-weight-bold text-left\" data-toggle=\"collapse\"\n                    data-target=\"#collapse_69d98bbb45bda6\" aria-expanded=\"false\"\n                    aria-controls=\"collapse_69d98bbb45bda6\" style=\"white-space: normal;\">\n                    Horaires, conditions et services suppl\u00e9mentaires                <\/button>\n            <\/h5>\n        <\/div>\n        <div id=\"collapse_69d98bbb45bda6\" class=\"collapse\" aria-labelledby=\"headingOne\" data-parent=\"#accordion\">\n            <div class=\"card-body text-left\">\n                Le<strong> enregistrement<\/strong> peut \u00eatre effectu\u00e9e <strong>\u00e0 partir de 12 heures<\/strong>, tandis que le <strong>v\u00e9rifier<\/strong> doit \u00eatre effectu\u00e9e <strong>avant 9h30<\/strong>.<br>Le salon<strong> commence par le d\u00e9jeuner et se termine par le petit-d\u00e9jeuner.<\/strong> Les repas non utilis\u00e9s ne seront ni r\u00e9cup\u00e9r\u00e9s ni d\u00e9duits.<br>La<strong> petit d\u00e9jeuner<\/strong> est servie de 7h30 \u00e0 9h30, le <strong>d\u00e9jeuner<\/strong> \u00e0 partir de 12h30 et le <strong>d\u00eener<\/strong> \u00e0 partir de 19h30.\u00a0<br>Nous n'acceptons que les animaux de <strong>petite taille<\/strong>, avec un suppl\u00e9ment de <strong>20 euros par jour.<\/strong> Les animaux ne sont pas admis sur les plages de nos partenaires, ni dans le restaurant de l'h\u00f4tel et dans les parties communes.<br>            <\/div>\n        <\/div>\n    <\/div>\n    <\/div>\n\n<\/div><\/div>\n    <\/div>\n<\/div>\n<\/section>","protected":false},"excerpt":{"rendered":"","protected":false},"author":1,"featured_media":0,"parent":0,"menu_order":0,"comment_status":"closed","ping_status":"closed","template":"","meta":{"footnotes":""},"class_list":["post-1763","page","type-page","status-publish","hentry"],"_links":{"self":[{"href":"https:\/\/www.vacanzeallinclusive.com\/fr\/wp-json\/wp\/v2\/pages\/1763","targetHints":{"allow":["GET"]}}],"collection":[{"href":"https:\/\/www.vacanzeallinclusive.com\/fr\/wp-json\/wp\/v2\/pages"}],"about":[{"href":"https:\/\/www.vacanzeallinclusive.com\/fr\/wp-json\/wp\/v2\/types\/page"}],"author":[{"embeddable":true,"href":"https:\/\/www.vacanzeallinclusive.com\/fr\/wp-json\/wp\/v2\/users\/1"}],"replies":[{"embeddable":true,"href":"https:\/\/www.vacanzeallinclusive.com\/fr\/wp-json\/wp\/v2\/comments?post=1763"}],"version-history":[{"count":13,"href":"https:\/\/www.vacanzeallinclusive.com\/fr\/wp-json\/wp\/v2\/pages\/1763\/revisions"}],"predecessor-version":[{"id":2334,"href":"https:\/\/www.vacanzeallinclusive.com\/fr\/wp-json\/wp\/v2\/pages\/1763\/revisions\/2334"}],"wp:attachment":[{"href":"https:\/\/www.vacanzeallinclusive.com\/fr\/wp-json\/wp\/v2\/media?parent=1763"}],"curies":[{"name":"wp","href":"https:\/\/api.w.org\/{rel}","templated":true}]}}